{"id":3059,"date":"2024-09-10T15:00:41","date_gmt":"2024-09-10T13:00:41","guid":{"rendered":"https:\/\/hunskate.hu\/wjch2025\/?page_id=3059"},"modified":"2024-09-10T15:06:49","modified_gmt":"2024-09-10T13:06:49","slug":"general-terms-and-conditions","status":"publish","type":"page","link":"https:\/\/hunskate.hu\/wjch2025\/general-terms-and-conditions\/","title":{"rendered":"General Terms and Conditions"},"content":{"rendered":"\t\t<div data-elementor-type=\"wp-page\" data-elementor-id=\"3059\" class=\"elementor elementor-3059\" data-elementor-post-type=\"page\">\n\t\t\t\t<div class=\"elementor-element elementor-element-424c84a e-flex e-con-boxed e-con e-parent\" data-id=\"424c84a\" data-element_type=\"container\">\n\t\t\t\t\t<div class=\"e-con-inner\">\n\t\t\t\t<div class=\"elementor-element elementor-element-3a008bb elementor-widget elementor-widget-heading\" data-id=\"3a008bb\" data-element_type=\"widget\" data-widget_type=\"heading.default\">\n\t\t\t\t<div class=\"elementor-widget-container\">\n\t\t\t<h2 class=\"elementor-heading-title elementor-size-default\">General Terms and Conditions<\/h2>\t\t<\/div>\n\t\t\t\t<\/div>\n\t\t\t\t<div class=\"elementor-element elementor-element-b113817 elementor-widget elementor-widget-text-editor\" data-id=\"b113817\" data-element_type=\"widget\" data-widget_type=\"text-editor.default\">\n\t\t\t\t<div class=\"elementor-widget-container\">\n\t\t\t\t\t\t\t<div class=\"title\"><h1><span style=\"font-size: 16px;\">Azzal, hogy bel\u00e9p a Magyar Orsz\u00e1gos Korcsoly\u00e1z\u00f3 Sz\u00f6vets\u00e9g (tov\u00e1bbiakban: <\/span><strong style=\"font-size: 16px;\">MOKSZ<\/strong><span style=\"font-size: 16px;\">)\u00a0valamelyik oldal\u00e1ra, elfogadja az al\u00e1bbi felt\u00e9teleket, m\u00e9g abban az esetben is, ha nem regisztr\u00e1lt felhaszn\u00e1l\u00f3ja, el\u0151fizet\u0151je a rendszer egyik szolg\u00e1ltat\u00e1s\u00e1nak sem:<\/span><\/h1><\/div><article><div><p>A websz\u00e1jton (\u201clap\u201d) tal\u00e1lhat\u00f3 tartalom a<b>\u00a0MOKSZ<\/b>\u00a0szellemi tulajdona.<\/p><p>Az\u00a0<b>MOKSZ<\/b>\u00a0fenntart minden, a lap b\u00e1rmely r\u00e9sz\u00e9nek b\u00e1rmilyen m\u00f3dszerrel, technik\u00e1val t\u00f6rt\u00e9n\u0151 m\u00e1sol\u00e1s\u00e1val \u00e9s terjeszt\u00e9s\u00e9vel kapcsolatos jogot. A laphoz tartoz\u00f3 oldalak tartalm\u00e1t \u00e9s kialak\u00edt\u00e1s\u00e1t nemzetk\u00f6zi \u00e9s magyar t\u00f6rv\u00e9nyek v\u00e9dik.<\/p><p>A kiad\u00f3 el\u0151zetes \u00edr\u00e1sos hozz\u00e1j\u00e1rul\u00e1sa n\u00e9lk\u00fcl tilos a lap eg\u00e9sz\u00e9nek vagy r\u00e9szeinek (sz\u00f6veg, grafika, fot\u00f3, audio- vagy videoanyag, adatszerkezet, strukt\u00fara, elj\u00e1r\u00e1s, program stb.) feldolgoz\u00e1sa \u00e9s \u00e9rt\u00e9kes\u00edt\u00e9se. A lap tartalm\u00e1nak egyes r\u00e9szeit \u2013 kiz\u00e1r\u00f3lag saj\u00e1t felhaszn\u00e1l\u00e1s c\u00e9lj\u00e1b\u00f3l \u2013 merevlemez\u00e9re mentheti vagy kinyomtathatja, de ebben az esetben sem jogosult a lap \u00edgy t\u00f6bbsz\u00f6r\u00f6z\u00f6tt r\u00e9sz\u00e9nek tov\u00e1bbi felhaszn\u00e1l\u00e1s\u00e1ra, terjeszt\u00e9s\u00e9re, adatb\u00e1zisban t\u00f6rt\u00e9n\u0151 t\u00e1rol\u00e1s\u00e1ra, let\u00f6lthet\u0151v\u00e9 t\u00e9tel\u00e9re, kereskedelmi forgalomba hozatal\u00e1ra.<\/p><p>Az\u00a0<b>MOKSZ<\/b>\u00a0oldalai teljes eg\u00e9sz\u00e9ben, a rekl\u00e1mokkal, hirdet\u00e9sekkel egy\u00fctt szerz\u0151i jogv\u00e9delem alatt \u00e1llnak, azokb\u00f3l b\u00e1rmely r\u00e9szt kiv\u00e1gni, a megcsonk\u00edtott r\u00e9szt pedig nyilv\u00e1noss\u00e1ghoz b\u00e1rmely m\u00f3don \u00fajrak\u00f6zvet\u00edteni tilos. Tilos tov\u00e1bb\u00e1 a kiad\u00f3 el\u0151zetes \u00edr\u00e1sbeli enged\u00e9lye n\u00e9lk\u00fcl a lap tartalm\u00e1t t\u00fckr\u00f6zni, azaz technikai m\u0171velet seg\u00edts\u00e9g\u00e9vel nyilv\u00e1noss\u00e1ghoz \u00fajrak\u00f6zvet\u00edteni, m\u00e9g v\u00e1ltozatlan form\u00e1ban is.<\/p><p>A jogosulatlan felhaszn\u00e1l\u00e1s b\u00fcntet\u0151- \u00e9s polg\u00e1ri jogi k\u00f6vetkezm\u00e9nyeket von maga ut\u00e1n. A\u00a0<strong>MO<\/strong><b>KSZ\u00a0<\/b>k\u00f6vetelheti a jogs\u00e9rt\u00e9s abbahagy\u00e1s\u00e1t \u00e9s k\u00e1r\u00e1nak megt\u00e9r\u00edt\u00e9s\u00e9t.<\/p><p>A lapt\u00f3l \u00e9rtes\u00fcl\u00e9seket \u00e1tvenni csak a lapra val\u00f3 hivatkoz\u00e1ssal lehet, azzal a felt\u00e9tellel, hogy az \u00e1tvev\u0151<\/p><p><b>a,<\/b>\u00a0nem m\u00f3dos\u00edtja az eredeti inform\u00e1ci\u00f3t,<br \/><b>b,\u00a0<\/b>a lapra utal\u00f3 egy\u00e9rtelm\u0171 hivatkoz\u00e1st minden k\u00f6zl\u00e9sn\u00e9l felt\u00fcnteti.<\/p><p>A h\u00edr\u00fcgyn\u00f6ks\u00e9gek honlapunkon felhaszn\u00e1lt h\u00edrei \u00e9s fot\u00f3i szerz\u0151i jogv\u00e9delem alatt \u00e1llnak, a szem\u00e9lyes \u00e9s nem kereskedelmi felhaszn\u00e1l\u00e1s eseteinek kiv\u00e9tel\u00e9vel tilos azokat ak\u00e1r eredeti, ak\u00e1r \u00e1t\u00edrt form\u00e1ban b\u00e1rmilyen m\u00e9diumban k\u00f6z\u00f6lni, sug\u00e1rozni vagy tov\u00e1bbadni, r\u00e9szben vagy eg\u00e9szben sz\u00e1m\u00edt\u00f3g\u00e9pen t\u00e1rolni.<\/p><p>Az\u00a0<b>MOKSZ<\/b>\u00a0pontos \u00e9s hiteles inform\u00e1ci\u00f3k k\u00f6zl\u00e9s\u00e9re t\u00f6rekszik, de a t\u00e1j\u00e9koztat\u00e1sb\u00f3l fakad\u00f3 esetleges k\u00e1rok\u00e9rt felel\u0151ss\u00e9get nem v\u00e1llal.<\/p><\/div><\/article>\t\t\t\t\t\t<\/div>\n\t\t\t\t<\/div>\n\t\t\t\t\t<\/div>\n\t\t\t\t<\/div>\n\t\t\t\t<\/div>\n\t\t","protected":false},"excerpt":{"rendered":"<p>General Terms and Conditions Azzal, hogy bel\u00e9p a Magyar Orsz\u00e1gos Korcsoly\u00e1z\u00f3 Sz\u00f6vets\u00e9g (tov\u00e1bbiakban: MOKSZ)\u00a0valamelyik oldal\u00e1ra, elfogadja az al\u00e1bbi felt\u00e9teleket, m\u00e9g abban az esetben is, ha nem regisztr\u00e1lt felhaszn\u00e1l\u00f3ja, el\u0151fizet\u0151je a rendszer egyik szolg\u00e1ltat\u00e1s\u00e1nak sem: A websz\u00e1jton (\u201clap\u201d) tal\u00e1lhat\u00f3 tartalom a\u00a0MOKSZ\u00a0szellemi tulajdona. Az\u00a0MOKSZ\u00a0fenntart minden, a lap b\u00e1rmely r\u00e9sz\u00e9nek b\u00e1rmilyen m\u00f3dszerrel, technik\u00e1val t\u00f6rt\u00e9n\u0151 m\u00e1sol\u00e1s\u00e1val \u00e9s terjeszt\u00e9s\u00e9vel kapcsolatos [&hellip;]<\/p>\n","protected":false},"author":1,"featured_media":0,"parent":0,"menu_order":0,"comment_status":"closed","ping_status":"closed","template":"","meta":{"ocean_post_layout":"","ocean_both_sidebars_style":"","ocean_both_sidebars_content_width":0,"ocean_both_sidebars_sidebars_width":0,"ocean_sidebar":"0","ocean_second_sidebar":"0","ocean_disable_margins":"enable","ocean_add_body_class":"","ocean_shortcode_before_top_bar":"","ocean_shortcode_after_top_bar":"","ocean_shortcode_before_header":"","ocean_shortcode_after_header":"","ocean_has_shortcode":"","ocean_shortcode_after_title":"","ocean_shortcode_before_footer_widgets":"","ocean_shortcode_after_footer_widgets":"","ocean_shortcode_before_footer_bottom":"","ocean_shortcode_after_footer_bottom":"","ocean_display_top_bar":"default","ocean_display_header":"default","ocean_header_style":"","ocean_center_header_left_menu":"0","ocean_custom_header_template":"0","ocean_custom_logo":0,"ocean_custom_retina_logo":0,"ocean_custom_logo_max_width":0,"ocean_custom_logo_tablet_max_width":0,"ocean_custom_logo_mobile_max_width":0,"ocean_custom_logo_max_height":0,"ocean_custom_logo_tablet_max_height":0,"ocean_custom_logo_mobile_max_height":0,"ocean_header_custom_menu":"0","ocean_menu_typo_font_family":"0","ocean_menu_typo_font_subset":"","ocean_menu_typo_font_size":0,"ocean_menu_typo_font_size_tablet":0,"ocean_menu_typo_font_size_mobile":0,"ocean_menu_typo_font_size_unit":"px","ocean_menu_typo_font_weight":"","ocean_menu_typo_font_weight_tablet":"","ocean_menu_typo_font_weight_mobile":"","ocean_menu_typo_transform":"","ocean_menu_typo_transform_tablet":"","ocean_menu_typo_transform_mobile":"","ocean_menu_typo_line_height":0,"ocean_menu_typo_line_height_tablet":0,"ocean_menu_typo_line_height_mobile":0,"ocean_menu_typo_line_height_unit":"","ocean_menu_typo_spacing":0,"ocean_menu_typo_spacing_tablet":0,"ocean_menu_typo_spacing_mobile":0,"ocean_menu_typo_spacing_unit":"","ocean_menu_link_color":"","ocean_menu_link_color_hover":"","ocean_menu_link_color_active":"","ocean_menu_link_background":"","ocean_menu_link_hover_background":"","ocean_menu_link_active_background":"","ocean_menu_social_links_bg":"","ocean_menu_social_hover_links_bg":"","ocean_menu_social_links_color":"","ocean_menu_social_hover_links_color":"","ocean_disable_title":"default","ocean_disable_heading":"default","ocean_post_title":"","ocean_post_subheading":"","ocean_post_title_style":"","ocean_post_title_background_color":"","ocean_post_title_background":0,"ocean_post_title_bg_image_position":"","ocean_post_title_bg_image_attachment":"","ocean_post_title_bg_image_repeat":"","ocean_post_title_bg_image_size":"","ocean_post_title_height":0,"ocean_post_title_bg_overlay":0.5,"ocean_post_title_bg_overlay_color":"","ocean_disable_breadcrumbs":"default","ocean_breadcrumbs_color":"","ocean_breadcrumbs_separator_color":"","ocean_breadcrumbs_links_color":"","ocean_breadcrumbs_links_hover_color":"","ocean_display_footer_widgets":"default","ocean_display_footer_bottom":"default","ocean_custom_footer_template":"0","footnotes":""},"class_list":["post-3059","page","type-page","status-publish","hentry","entry"],"_links":{"self":[{"href":"https:\/\/hunskate.hu\/wjch2025\/wp-json\/wp\/v2\/pages\/3059","targetHints":{"allow":["GET"]}}],"collection":[{"href":"https:\/\/hunskate.hu\/wjch2025\/wp-json\/wp\/v2\/pages"}],"about":[{"href":"https:\/\/hunskate.hu\/wjch2025\/wp-json\/wp\/v2\/types\/page"}],"author":[{"embeddable":true,"href":"https:\/\/hunskate.hu\/wjch2025\/wp-json\/wp\/v2\/users\/1"}],"replies":[{"embeddable":true,"href":"https:\/\/hunskate.hu\/wjch2025\/wp-json\/wp\/v2\/comments?post=3059"}],"version-history":[{"count":8,"href":"https:\/\/hunskate.hu\/wjch2025\/wp-json\/wp\/v2\/pages\/3059\/revisions"}],"predecessor-version":[{"id":3080,"href":"https:\/\/hunskate.hu\/wjch2025\/wp-json\/wp\/v2\/pages\/3059\/revisions\/3080"}],"wp:attachment":[{"href":"https:\/\/hunskate.hu\/wjch2025\/wp-json\/wp\/v2\/media?parent=3059"}],"curies":[{"name":"wp","href":"https:\/\/api.w.org\/{rel}","templated":true}]}}