{"id":1960,"date":"2024-09-05T18:37:35","date_gmt":"2024-09-05T16:37:35","guid":{"rendered":"https:\/\/hunskate.hu\/wjch2025\/?page_id=1960"},"modified":"2024-09-18T15:35:22","modified_gmt":"2024-09-18T13:35:22","slug":"venues","status":"publish","type":"page","link":"https:\/\/hunskate.hu\/wjch2025\/location\/venues\/","title":{"rendered":"Venues"},"content":{"rendered":"\t\t<div data-elementor-type=\"wp-page\" data-elementor-id=\"1960\" class=\"elementor elementor-1960\" data-elementor-post-type=\"page\">\n\t\t\t\t<div class=\"elementor-element elementor-element-5a6cb99 e-flex e-con-boxed e-con e-parent\" data-id=\"5a6cb99\" data-element_type=\"container\">\n\t\t\t\t\t<div class=\"e-con-inner\">\n\t\t\t\t<div class=\"elementor-element elementor-element-b8da189 elementor-widget elementor-widget-heading\" data-id=\"b8da189\" data-element_type=\"widget\" data-widget_type=\"heading.default\">\n\t\t\t\t<div class=\"elementor-widget-container\">\n\t\t\t<h2 class=\"elementor-heading-title elementor-size-default\">Venues<\/h2>\t\t<\/div>\n\t\t\t\t<\/div>\n\t\t\t\t<div class=\"elementor-element elementor-element-e00fe77 elementor-widget elementor-widget-text-editor\" data-id=\"e00fe77\" data-element_type=\"widget\" data-widget_type=\"text-editor.default\">\n\t\t\t\t<div class=\"elementor-widget-container\">\n\t\t\t\t\t\t\t<p>Main Rink<\/p><p><u>F\u0151nix Arena<\/u><\/p><p>The venue of the competition is the F\u0151nix Arena located in the city center of Debrecen at the address: 28 Kassai \u00fat, Debrecen, 4028 Hungary. F\u0151nix was the home of several successful ISU events in the past, including the ISU World Junior Figure Skating Championships in 2016. Although, since that time the building went through a remarkable reconstruction and thus received the title of \u2018arena\u2019 changing from the previous \u2018hall\u2019.<\/p><p><u><img decoding=\"async\" class=\"aligncenter wp-image-2823 size-medium\" src=\"https:\/\/hunskate.hu\/wjch2025\/wp-content\/uploads\/2024\/09\/fonix_arena-300x131.png\" alt=\"\" width=\"300\" height=\"131\" srcset=\"https:\/\/hunskate.hu\/wjch2025\/wp-content\/uploads\/2024\/09\/fonix_arena-300x131.png 300w, https:\/\/hunskate.hu\/wjch2025\/wp-content\/uploads\/2024\/09\/fonix_arena-1024x447.png 1024w, https:\/\/hunskate.hu\/wjch2025\/wp-content\/uploads\/2024\/09\/fonix_arena-768x335.png 768w, https:\/\/hunskate.hu\/wjch2025\/wp-content\/uploads\/2024\/09\/fonix_arena-1536x670.png 1536w, https:\/\/hunskate.hu\/wjch2025\/wp-content\/uploads\/2024\/09\/fonix_arena.png 1889w\" sizes=\"(max-width: 300px) 100vw, 300px\" \/><\/u><\/p><p>Practice Rink<\/p><p><u>Debrecen Ice Hall <\/u><\/p><p>The Debrecen Ice Hall (building 2) also opens its doors for the world\u2019s best junior skaters as it is the venue dedicated for practices. Located at the address: 33 Der\u00e9k utca, Debrecen, 4031 Hungary.<\/p><p><u><img decoding=\"async\" class=\"size-medium wp-image-2821 aligncenter\" src=\"https:\/\/hunskate.hu\/wjch2025\/wp-content\/uploads\/2024\/09\/debreceni_sportcentrum-300x83.png\" alt=\"\" width=\"300\" height=\"83\" srcset=\"https:\/\/hunskate.hu\/wjch2025\/wp-content\/uploads\/2024\/09\/debreceni_sportcentrum-300x83.png 300w, https:\/\/hunskate.hu\/wjch2025\/wp-content\/uploads\/2024\/09\/debreceni_sportcentrum-1024x285.png 1024w, https:\/\/hunskate.hu\/wjch2025\/wp-content\/uploads\/2024\/09\/debreceni_sportcentrum-768x213.png 768w, https:\/\/hunskate.hu\/wjch2025\/wp-content\/uploads\/2024\/09\/debreceni_sportcentrum-1536x427.png 1536w, https:\/\/hunskate.hu\/wjch2025\/wp-content\/uploads\/2024\/09\/debreceni_sportcentrum-2048x569.png 2048w\" sizes=\"(max-width: 300px) 100vw, 300px\" \/><\/u><\/p><p><u>How to get there<\/u><\/p><p>From Budapest to Debrecen<\/p><p>The route to Debrecen from Budapest is approximately 2,5 hours (depending on current traffic) both via car and train. In case of car travel, look out for motorways M3 and M35, whereas the railway option is available at Keleti and Nyugati stations.<\/p><p>Public transportation<\/p><p>DKV Zrt. is responsible for the public transportation in Debrecen. You can travel by buses, trolleybuses and trams in the city. You can buy tickets at main interchanges, railway stations, vending machines, through the Mobiljegy app and online.<\/p><p>Tickets and passes available in Debrecen:<\/p><p>\u00a0\u00a0\u00a0\u00a0\u00a0\u00a0\u00a0\u00a0\u00a0\u00a0\u00a0\u00a0 Single ticket (costs about EUR 1,2)<\/p><p>\u00a0\u00a0\u00a0\u00a0\u00a0\u00a0\u00a0\u00a0\u00a0\u00a0\u00a0\u00a0 Daily pass: valid 00:00 \u2013 24:00 (costs about EUR 4)<\/p><p>\u00a0\u00a0\u00a0\u00a0\u00a0\u00a0\u00a0\u00a0\u00a0\u00a0\u00a0\u00a0 There are further types of tickets and passes for diverse method of travel.<\/p><p>For more information please check: <a href=\"http:\/\/www.dkv.hu\">www.dkv.hu<\/a><\/p><p>Taxi services are available in Debrecen via the following options:<\/p><p>\u00a0\u00a0\u00a0\u00a0\u00a0 City Taxi Debrecen: call +36-52-555-555<\/p><p>\u00a0\u00a0\u00a0\u00a0\u00a0 F\u0150NIX Intertaxi: call +36-52-444-444<\/p><p>\u00a0\u00a0\u00a0\u00a0\u00a0 BOLT: similarly to Uber, is a popular ride-hailing app that provides transportation services with licensed drivers. You can book a ride through the Bolt app and a driver will pick you up from your location and take you to your desired destination. Simply download the Bolt app on your iPhone or Android smartphone, and your personal driver will be just a tap away.<\/p>\t\t\t\t\t\t<\/div>\n\t\t\t\t<\/div>\n\t\t\t\t\t<\/div>\n\t\t\t\t<\/div>\n\t\t\t\t<\/div>\n\t\t","protected":false},"excerpt":{"rendered":"<p>Venues Main Rink F\u0151nix Arena The venue of the competition is the F\u0151nix Arena located in the city center of Debrecen at the address: 28 Kassai \u00fat, Debrecen, 4028 Hungary. F\u0151nix was the home of several successful ISU events in the past, including the ISU World Junior Figure Skating Championships in 2016. Although, since that [&hellip;]<\/p>\n","protected":false},"author":1,"featured_media":0,"parent":1956,"menu_order":0,"comment_status":"closed","ping_status":"closed","template":"","meta":{"ocean_post_layout":"","ocean_both_sidebars_style":"","ocean_both_sidebars_content_width":0,"ocean_both_sidebars_sidebars_width":0,"ocean_sidebar":"0","ocean_second_sidebar":"0","ocean_disable_margins":"enable","ocean_add_body_class":"","ocean_shortcode_before_top_bar":"","ocean_shortcode_after_top_bar":"","ocean_shortcode_before_header":"","ocean_shortcode_after_header":"","ocean_has_shortcode":"","ocean_shortcode_after_title":"","ocean_shortcode_before_footer_widgets":"","ocean_shortcode_after_footer_widgets":"","ocean_shortcode_before_footer_bottom":"","ocean_shortcode_after_footer_bottom":"","ocean_display_top_bar":"default","ocean_display_header":"default","ocean_header_style":"","ocean_center_header_left_menu":"0","ocean_custom_header_template":"0","ocean_custom_logo":0,"ocean_custom_retina_logo":0,"ocean_custom_logo_max_width":0,"ocean_custom_logo_tablet_max_width":0,"ocean_custom_logo_mobile_max_width":0,"ocean_custom_logo_max_height":0,"ocean_custom_logo_tablet_max_height":0,"ocean_custom_logo_mobile_max_height":0,"ocean_header_custom_menu":"0","ocean_menu_typo_font_family":"0","ocean_menu_typo_font_subset":"","ocean_menu_typo_font_size":0,"ocean_menu_typo_font_size_tablet":0,"ocean_menu_typo_font_size_mobile":0,"ocean_menu_typo_font_size_unit":"px","ocean_menu_typo_font_weight":"","ocean_menu_typo_font_weight_tablet":"","ocean_menu_typo_font_weight_mobile":"","ocean_menu_typo_transform":"","ocean_menu_typo_transform_tablet":"","ocean_menu_typo_transform_mobile":"","ocean_menu_typo_line_height":0,"ocean_menu_typo_line_height_tablet":0,"ocean_menu_typo_line_height_mobile":0,"ocean_menu_typo_line_height_unit":"","ocean_menu_typo_spacing":0,"ocean_menu_typo_spacing_tablet":0,"ocean_menu_typo_spacing_mobile":0,"ocean_menu_typo_spacing_unit":"","ocean_menu_link_color":"","ocean_menu_link_color_hover":"","ocean_menu_link_color_active":"","ocean_menu_link_background":"","ocean_menu_link_hover_background":"","ocean_menu_link_active_background":"","ocean_menu_social_links_bg":"","ocean_menu_social_hover_links_bg":"","ocean_menu_social_links_color":"","ocean_menu_social_hover_links_color":"","ocean_disable_title":"default","ocean_disable_heading":"default","ocean_post_title":"","ocean_post_subheading":"","ocean_post_title_style":"","ocean_post_title_background_color":"","ocean_post_title_background":0,"ocean_post_title_bg_image_position":"","ocean_post_title_bg_image_attachment":"","ocean_post_title_bg_image_repeat":"","ocean_post_title_bg_image_size":"","ocean_post_title_height":0,"ocean_post_title_bg_overlay":0.5,"ocean_post_title_bg_overlay_color":"","ocean_disable_breadcrumbs":"default","ocean_breadcrumbs_color":"","ocean_breadcrumbs_separator_color":"","ocean_breadcrumbs_links_color":"","ocean_breadcrumbs_links_hover_color":"","ocean_display_footer_widgets":"default","ocean_display_footer_bottom":"default","ocean_custom_footer_template":"0","footnotes":""},"class_list":["post-1960","page","type-page","status-publish","hentry","entry"],"_links":{"self":[{"href":"https:\/\/hunskate.hu\/wjch2025\/wp-json\/wp\/v2\/pages\/1960","targetHints":{"allow":["GET"]}}],"collection":[{"href":"https:\/\/hunskate.hu\/wjch2025\/wp-json\/wp\/v2\/pages"}],"about":[{"href":"https:\/\/hunskate.hu\/wjch2025\/wp-json\/wp\/v2\/types\/page"}],"author":[{"embeddable":true,"href":"https:\/\/hunskate.hu\/wjch2025\/wp-json\/wp\/v2\/users\/1"}],"replies":[{"embeddable":true,"href":"https:\/\/hunskate.hu\/wjch2025\/wp-json\/wp\/v2\/comments?post=1960"}],"version-history":[{"count":16,"href":"https:\/\/hunskate.hu\/wjch2025\/wp-json\/wp\/v2\/pages\/1960\/revisions"}],"predecessor-version":[{"id":3673,"href":"https:\/\/hunskate.hu\/wjch2025\/wp-json\/wp\/v2\/pages\/1960\/revisions\/3673"}],"up":[{"embeddable":true,"href":"https:\/\/hunskate.hu\/wjch2025\/wp-json\/wp\/v2\/pages\/1956"}],"wp:attachment":[{"href":"https:\/\/hunskate.hu\/wjch2025\/wp-json\/wp\/v2\/media?parent=1960"}],"curies":[{"name":"wp","href":"https:\/\/api.w.org\/{rel}","templated":true}]}}