{"id":4361,"date":"2025-02-18T23:46:14","date_gmt":"2025-02-18T21:46:14","guid":{"rendered":"https:\/\/hunskate.hu\/wjch2025\/?page_id=4361"},"modified":"2025-03-02T20:43:22","modified_gmt":"2025-03-02T18:43:22","slug":"kepek","status":"publish","type":"page","link":"https:\/\/hunskate.hu\/wjch2025\/hu\/kepek\/","title":{"rendered":"K\u00e9pek"},"content":{"rendered":"\t\t<div data-elementor-type=\"wp-page\" data-elementor-id=\"4361\" class=\"elementor elementor-4361 elementor-4350\" data-elementor-post-type=\"page\">\n\t\t\t\t<div class=\"elementor-element elementor-element-4decb597 e-con-full e-flex e-con e-parent\" data-id=\"4decb597\" data-element_type=\"container\" data-settings=\"{&quot;background_background&quot;:&quot;classic&quot;}\">\n\t\t<div class=\"elementor-element elementor-element-8f61dc0 e-con-full e-flex e-con e-child\" data-id=\"8f61dc0\" data-element_type=\"container\">\n\t\t\t\t<div class=\"elementor-element elementor-element-34cc60a1 elementor-invisible elementor-widget elementor-widget-heading\" data-id=\"34cc60a1\" data-element_type=\"widget\" data-settings=\"{&quot;_animation&quot;:&quot;fadeIn&quot;}\" data-widget_type=\"heading.default\">\n\t\t\t\t<div class=\"elementor-widget-container\">\n\t\t\t<h1 class=\"elementor-heading-title elementor-size-default\">Itt tal\u00e1lhat\u00f3k az esem\u00e9ny hivatalos fot\u00f3i<\/h1>\t\t<\/div>\n\t\t\t\t<\/div>\n\t\t\t\t<div class=\"elementor-element elementor-element-9a159af elementor-widget elementor-widget-text-editor\" data-id=\"9a159af\" data-element_type=\"widget\" data-widget_type=\"text-editor.default\">\n\t\t\t\t<div class=\"elementor-widget-container\">\n\t\t\t\t\t\t\t<p>A k\u00e9pek felhaszn\u00e1l\u00e1s\u00e1n\u00e1l k\u00e9rj\u00fck jel\u00f6lj\u00e9k a @hunskate oldalt.<\/p>\t\t\t\t\t\t<\/div>\n\t\t\t\t<\/div>\n\t\t\t\t<div class=\"elementor-element elementor-element-84f5b76 elementor-widget elementor-widget-text-editor\" data-id=\"84f5b76\" data-element_type=\"widget\" data-widget_type=\"text-editor.default\">\n\t\t\t\t<div class=\"elementor-widget-container\">\n\t\t\t\t\t\t\t<h3 class=\"ng-binding\"><a href=\"https:\/\/app.filemail.com\/d\/elzwgwsyndbcxns\" target=\"_blank\" rel=\"noopener\">Sajt\u00f3nyilv\u00e1nos edz\u00e9s (2025. 02. 24.)<\/a><\/h3><h3><strong><a href=\"https:\/\/www.filemail.com\/d\/ktocxeqsngbezsq\" target=\"_blank\" rel=\"noopener\">Az edz\u00e9snap legjobb pillanatai (2025. 02. 25.)<\/a><\/strong><\/h3><h3><a href=\"https:\/\/www.filemail.com\/d\/fftrnsdhmebezta\" target=\"_blank\" rel=\"noopener\">F\u00e9rfi r\u00f6vidprogram (2025. 02. 26.)<\/a><\/h3><h3><strong><a href=\"https:\/\/www.filemail.com\/d\/liguyktwquuitgx\" target=\"_blank\" rel=\"noopener\">J\u00e9gt\u00e1nc ritmust\u00e1nc (2025. 02. 26.)<\/a><\/strong><\/h3><h3><strong><a href=\"https:\/\/www.filemail.com\/d\/wjujmonqipmdvip\" target=\"_blank\" rel=\"noopener\">N\u0151i \u2013 r\u00f6vidprogram (2025. 02. 27.)<\/a><\/strong><\/h3><h3><a href=\"https:\/\/www.filemail.com\/d\/drygtrutouwlkti\" target=\"_blank\" rel=\"noopener\">J\u00e9gt\u00e1nc \u2013 k\u0171r (2025. 02. 27.)<\/a><\/h3><h3><a href=\"https:\/\/www.filemail.com\/d\/wwctwmbqqsanbgq\" target=\"_blank\" rel=\"noopener\">P\u00e1ros &#8211;\u00a0r\u00f6vidprogram (2025. 02. 27.)<\/a><\/h3><h3><a href=\"https:\/\/www.filemail.com\/d\/ktafdazdolqmizk\" target=\"_blank\" rel=\"noopener\">F\u00e9rfi k\u0171r (2025. 02. 28.)<\/a><\/h3><h3><a href=\"https:\/\/www.filemail.com\/d\/vmaycylxonxxwry\" target=\"_blank\" rel=\"noopener\">P\u00e1ros k\u0171r (2025. 03. 01.)<\/a><\/h3><section><h3 class=\"ng-binding\"><a href=\"https:\/\/www.filemail.com\/d\/eauggutbwucqiaz\" target=\"_blank\" rel=\"noopener\"><span data-olk-copy-source=\"MessageBody\">N\u0151i<\/span> \u2013 <span data-olk-copy-source=\"MessageBody\">k\u0171r<\/span>\u00a0(2025. 03. 01.)<\/a><\/h3><\/section>\t\t\t\t\t\t<\/div>\n\t\t\t\t<\/div>\n\t\t\t\t<\/div>\n\t\t<div class=\"elementor-element elementor-element-39caefbc e-con-full e-flex e-con e-child\" data-id=\"39caefbc\" data-element_type=\"container\" data-settings=\"{&quot;background_background&quot;:&quot;classic&quot;}\">\n\t\t\t\t<div class=\"elementor-element elementor-element-2261c2a0 elementor-invisible elementor-widget elementor-widget-image\" data-id=\"2261c2a0\" data-element_type=\"widget\" data-settings=\"{&quot;_animation&quot;:&quot;zoomIn&quot;}\" data-widget_type=\"image.default\">\n\t\t\t\t<div class=\"elementor-widget-container\">\n\t\t\t\t\t\t\t\t\t\t\t\t\t<img fetchpriority=\"high\" decoding=\"async\" width=\"1123\" height=\"794\" src=\"https:\/\/hunskate.hu\/wjch2025\/wp-content\/uploads\/2024\/09\/WorldJuniorFigSkatChampDeb2025_hun.png\" class=\"attachment-full size-full wp-image-2794\" alt=\"\" srcset=\"https:\/\/hunskate.hu\/wjch2025\/wp-content\/uploads\/2024\/09\/WorldJuniorFigSkatChampDeb2025_hun.png 1123w, https:\/\/hunskate.hu\/wjch2025\/wp-content\/uploads\/2024\/09\/WorldJuniorFigSkatChampDeb2025_hun-300x212.png 300w, https:\/\/hunskate.hu\/wjch2025\/wp-content\/uploads\/2024\/09\/WorldJuniorFigSkatChampDeb2025_hun-1024x724.png 1024w, https:\/\/hunskate.hu\/wjch2025\/wp-content\/uploads\/2024\/09\/WorldJuniorFigSkatChampDeb2025_hun-768x543.png 768w\" sizes=\"(max-width: 1123px) 100vw, 1123px\" \/>\t\t\t\t\t\t\t\t\t\t\t\t\t<\/div>\n\t\t\t\t<\/div>\n\t\t\t\t<\/div>\n\t\t\t\t<\/div>\n\t\t<div class=\"elementor-element elementor-element-840ef1b e-flex e-con-boxed e-con e-parent\" data-id=\"840ef1b\" data-element_type=\"container\">\n\t\t\t\t\t<div class=\"e-con-inner\">\n\t\t\t\t\t<\/div>\n\t\t\t\t<\/div>\n\t\t\t\t<\/div>\n\t\t","protected":false},"excerpt":{"rendered":"<p>Itt tal\u00e1lhat\u00f3k az esem\u00e9ny hivatalos fot\u00f3i A k\u00e9pek felhaszn\u00e1l\u00e1s\u00e1n\u00e1l k\u00e9rj\u00fck jel\u00f6lj\u00e9k a @hunskate oldalt. Sajt\u00f3nyilv\u00e1nos edz\u00e9s (2025. 02. 24.) Az edz\u00e9snap legjobb pillanatai (2025. 02. 25.) F\u00e9rfi r\u00f6vidprogram (2025. 02. 26.) J\u00e9gt\u00e1nc ritmust\u00e1nc (2025. 02. 26.) N\u0151i \u2013 r\u00f6vidprogram (2025. 02. 27.) J\u00e9gt\u00e1nc \u2013 k\u0171r (2025. 02. 27.) P\u00e1ros &#8211;\u00a0r\u00f6vidprogram (2025. 02. 27.) F\u00e9rfi k\u0171r [&hellip;]<\/p>\n","protected":false},"author":1,"featured_media":0,"parent":0,"menu_order":0,"comment_status":"closed","ping_status":"closed","template":"elementor_header_footer","meta":{"ocean_post_layout":"","ocean_both_sidebars_style":"","ocean_both_sidebars_content_width":0,"ocean_both_sidebars_sidebars_width":0,"ocean_sidebar":"0","ocean_second_sidebar":"0","ocean_disable_margins":"enable","ocean_add_body_class":"","ocean_shortcode_before_top_bar":"","ocean_shortcode_after_top_bar":"","ocean_shortcode_before_header":"","ocean_shortcode_after_header":"","ocean_has_shortcode":"","ocean_shortcode_after_title":"","ocean_shortcode_before_footer_widgets":"","ocean_shortcode_after_footer_widgets":"","ocean_shortcode_before_footer_bottom":"","ocean_shortcode_after_footer_bottom":"","ocean_display_top_bar":"default","ocean_display_header":"default","ocean_header_style":"","ocean_center_header_left_menu":"0","ocean_custom_header_template":"0","ocean_custom_logo":0,"ocean_custom_retina_logo":0,"ocean_custom_logo_max_width":0,"ocean_custom_logo_tablet_max_width":0,"ocean_custom_logo_mobile_max_width":0,"ocean_custom_logo_max_height":0,"ocean_custom_logo_tablet_max_height":0,"ocean_custom_logo_mobile_max_height":0,"ocean_header_custom_menu":"0","ocean_menu_typo_font_family":"0","ocean_menu_typo_font_subset":"","ocean_menu_typo_font_size":0,"ocean_menu_typo_font_size_tablet":0,"ocean_menu_typo_font_size_mobile":0,"ocean_menu_typo_font_size_unit":"px","ocean_menu_typo_font_weight":"","ocean_menu_typo_font_weight_tablet":"","ocean_menu_typo_font_weight_mobile":"","ocean_menu_typo_transform":"","ocean_menu_typo_transform_tablet":"","ocean_menu_typo_transform_mobile":"","ocean_menu_typo_line_height":0,"ocean_menu_typo_line_height_tablet":0,"ocean_menu_typo_line_height_mobile":0,"ocean_menu_typo_line_height_unit":"","ocean_menu_typo_spacing":0,"ocean_menu_typo_spacing_tablet":0,"ocean_menu_typo_spacing_mobile":0,"ocean_menu_typo_spacing_unit":"","ocean_menu_link_color":"","ocean_menu_link_color_hover":"","ocean_menu_link_color_active":"","ocean_menu_link_background":"","ocean_menu_link_hover_background":"","ocean_menu_link_active_background":"","ocean_menu_social_links_bg":"","ocean_menu_social_hover_links_bg":"","ocean_menu_social_links_color":"","ocean_menu_social_hover_links_color":"","ocean_disable_title":"default","ocean_disable_heading":"default","ocean_post_title":"","ocean_post_subheading":"","ocean_post_title_style":"","ocean_post_title_background_color":"","ocean_post_title_background":0,"ocean_post_title_bg_image_position":"","ocean_post_title_bg_image_attachment":"","ocean_post_title_bg_image_repeat":"","ocean_post_title_bg_image_size":"","ocean_post_title_height":0,"ocean_post_title_bg_overlay":0.5,"ocean_post_title_bg_overlay_color":"","ocean_disable_breadcrumbs":"default","ocean_breadcrumbs_color":"","ocean_breadcrumbs_separator_color":"","ocean_breadcrumbs_links_color":"","ocean_breadcrumbs_links_hover_color":"","ocean_display_footer_widgets":"default","ocean_display_footer_bottom":"default","ocean_custom_footer_template":"0","footnotes":""},"class_list":["post-4361","page","type-page","status-publish","hentry","entry"],"_links":{"self":[{"href":"https:\/\/hunskate.hu\/wjch2025\/hu\/wp-json\/wp\/v2\/pages\/4361","targetHints":{"allow":["GET"]}}],"collection":[{"href":"https:\/\/hunskate.hu\/wjch2025\/hu\/wp-json\/wp\/v2\/pages"}],"about":[{"href":"https:\/\/hunskate.hu\/wjch2025\/hu\/wp-json\/wp\/v2\/types\/page"}],"author":[{"embeddable":true,"href":"https:\/\/hunskate.hu\/wjch2025\/hu\/wp-json\/wp\/v2\/users\/1"}],"replies":[{"embeddable":true,"href":"https:\/\/hunskate.hu\/wjch2025\/hu\/wp-json\/wp\/v2\/comments?post=4361"}],"version-history":[{"count":67,"href":"https:\/\/hunskate.hu\/wjch2025\/hu\/wp-json\/wp\/v2\/pages\/4361\/revisions"}],"predecessor-version":[{"id":4699,"href":"https:\/\/hunskate.hu\/wjch2025\/hu\/wp-json\/wp\/v2\/pages\/4361\/revisions\/4699"}],"wp:attachment":[{"href":"https:\/\/hunskate.hu\/wjch2025\/hu\/wp-json\/wp\/v2\/media?parent=4361"}],"curies":[{"name":"wp","href":"https:\/\/api.w.org\/{rel}","templated":true}]}}