{"id":4254,"date":"2025-02-11T20:31:34","date_gmt":"2025-02-11T18:31:34","guid":{"rendered":"https:\/\/hunskate.hu\/wjch2025\/?page_id=4254"},"modified":"2025-02-19T14:13:47","modified_gmt":"2025-02-19T12:13:47","slug":"ice-vip-jegyek","status":"publish","type":"page","link":"https:\/\/hunskate.hu\/wjch2025\/hu\/helyszin\/jegyinformacio\/ice-vip-jegyek\/","title":{"rendered":"Ice VIP jegyek"},"content":{"rendered":"\t\t<div data-elementor-type=\"wp-page\" data-elementor-id=\"4254\" class=\"elementor elementor-4254 elementor-4249\" data-elementor-post-type=\"page\">\n\t\t\t\t<div class=\"elementor-element elementor-element-2cfc748 e-flex e-con-boxed e-con e-parent\" data-id=\"2cfc748\" data-element_type=\"container\">\n\t\t\t\t\t<div class=\"e-con-inner\">\n\t\t\t\t<div class=\"elementor-element elementor-element-bc53af5 elementor-widget elementor-widget-heading\" data-id=\"bc53af5\" data-element_type=\"widget\" data-widget_type=\"heading.default\">\n\t\t\t\t<div class=\"elementor-widget-container\">\n\t\t\t<h2 class=\"elementor-heading-title elementor-size-default\">ICE VIP jegyek<\/h2>\t\t<\/div>\n\t\t\t\t<\/div>\n\t\t\t\t<div class=\"elementor-element elementor-element-7d3e28b elementor-widget elementor-widget-text-editor\" data-id=\"7d3e28b\" data-element_type=\"widget\" data-widget_type=\"text-editor.default\">\n\t\t\t\t<div class=\"elementor-widget-container\">\n\t\t\t\t\t\t\t<p>L\u00e9gy r\u00e9szese a j\u00e9g var\u00e1zs\u00e1nak exkluz\u00edv m\u00f3don! \u2744\ufe0f\u26f8\ufe0f<\/p><p>M\u00e1r el\u00e9rhet\u0151 az ISU M\u0171korcsolya \u00e9s J\u00e9gt\u00e1nc Junior Vil\u00e1gbajnoks\u00e1g ICE VIP csomagja! \ud83c\udf9f\ufe0f\u2728 Febru\u00e1r 25. \u00e9s m\u00e1rcius 1. k\u00f6z\u00f6tt a debreceni F\u0151nix Ar\u00e9n\u00e1ban nemcsak a vil\u00e1g legtehets\u00e9gesebb fiatal korcsoly\u00e1z\u00f3it l\u00e1thatod testk\u00f6zelb\u0151l, hanem egy igaz\u00e1n exkluz\u00edv \u00e9lm\u00e9ny r\u00e9szese is lehetsz!<\/p><p>Az ICE VIP csomag tartalmazza:<\/p><p>\ud83c\udf1f Kiemelt \u00fcl\u0151helyeket \u2013 a legjobb kil\u00e1t\u00e1s az ar\u00e9n\u00e1ban<\/p><p>\ud83d\ude9c Fanboni Ride \u00e9lm\u00e9nyt \u2013 utazz a j\u00e9gen, ahogy m\u00e9g soha!<\/p><p>\ud83e\udd29Behind the scenes \u2013 l\u00e1ss be a kulissz\u00e1k m\u00f6g\u00e9<\/p><p>\ud83c\udf7d\ufe0f VIP Catering szolg\u00e1ltat\u00e1sokat \u2013 pr\u00e9mium vend\u00e9gl\u00e1t\u00e1s a verseny alatt<\/p><p>\ud83d\ude97 VIP parkol\u00e1si lehet\u0151s\u00e9get \u2013 \u00e9rkezz k\u00e9nyelmesen, gondtalanul<\/p><p>\ud83c\udf81 Exkluz\u00edv aj\u00e1nd\u00e9kcsomagot \u2013 egy kis eml\u00e9k a felejthetetlen pillanatokr\u00f3l<\/p><p>\ud83d\udc8e Ha igaz\u00e1n k\u00fcl\u00f6nleges korcsolya\u00e9lm\u00e9nyre v\u00e1gysz, ez a csomag neked sz\u00f3l! \ud83d\udc8e<\/p><p>\ud83d\udd17 Ne maradj le, szerezd be a VIP csomagod most:<\/p>\t\t\t\t\t\t<\/div>\n\t\t\t\t<\/div>\n\t\t\t\t\t<\/div>\n\t\t\t\t<\/div>\n\t\t<div class=\"elementor-element elementor-element-6dd91403 e-con-full e-flex e-con e-parent\" data-id=\"6dd91403\" data-element_type=\"container\" data-settings=\"{&quot;background_background&quot;:&quot;classic&quot;}\">\n\t\t<div class=\"elementor-element elementor-element-57cdccd2 e-con-full e-flex e-con e-child\" data-id=\"57cdccd2\" data-element_type=\"container\">\n\t\t\t\t<div class=\"elementor-element elementor-element-253eab0d animated-slow elementor-invisible elementor-widget elementor-widget-heading\" data-id=\"253eab0d\" data-element_type=\"widget\" data-settings=\"{&quot;_animation&quot;:&quot;slideInUp&quot;}\" data-widget_type=\"heading.default\">\n\t\t\t\t<div class=\"elementor-widget-container\">\n\t\t\t<h2 class=\"elementor-heading-title elementor-size-default\">ICE VIP jegyek<\/h2>\t\t<\/div>\n\t\t\t\t<\/div>\n\t\t\t\t<div class=\"elementor-element elementor-element-3d304c97 animated-slow elementor-invisible elementor-widget elementor-widget-heading\" data-id=\"3d304c97\" data-element_type=\"widget\" data-settings=\"{&quot;_animation&quot;:&quot;slideInUp&quot;}\" data-widget_type=\"heading.default\">\n\t\t\t\t<div class=\"elementor-widget-container\">\n\t\t\t<h2 class=\"elementor-heading-title elementor-size-default\">jegyvs\u00e1r\u00e1l\u00e1s<\/h2>\t\t<\/div>\n\t\t\t\t<\/div>\n\t\t\t\t<div class=\"elementor-element elementor-element-3a083340 elementor-align-left elementor-widget elementor-widget-button\" data-id=\"3a083340\" data-element_type=\"widget\" data-widget_type=\"button.default\">\n\t\t\t\t<div class=\"elementor-widget-container\">\n\t\t\t\t\t<div class=\"elementor-button-wrapper\">\n\t\t\t<a class=\"elementor-button elementor-button-link elementor-size-lg elementor-animation-grow\" href=\"#elementor-action%3Aaction%3Dpopup%3Aopen%26settings%3DeyJpZCI6MzE1NywidG9nZ2xlIjpmYWxzZX0%3D\">\n\t\t\t\t\t\t<span class=\"elementor-button-content-wrapper\">\n\t\t\t\t\t\t\t\t\t<span class=\"elementor-button-text\">Jegyek<\/span>\n\t\t\t\t\t<\/span>\n\t\t\t\t\t<\/a>\n\t\t<\/div>\n\t\t\t\t<\/div>\n\t\t\t\t<\/div>\n\t\t\t\t<\/div>\n\t\t<div class=\"elementor-element elementor-element-534e6c7c e-con-full e-flex e-con e-child\" data-id=\"534e6c7c\" data-element_type=\"container\">\n\t\t\t\t<div class=\"elementor-element elementor-element-75ec4f14 elementor-widget__width-initial elementor-widget elementor-widget-image\" data-id=\"75ec4f14\" data-element_type=\"widget\" data-widget_type=\"image.default\">\n\t\t\t\t<div class=\"elementor-widget-container\">\n\t\t\t\t\t\t\t\t\t\t\t\t\t<img fetchpriority=\"high\" decoding=\"async\" width=\"1024\" height=\"661\" src=\"https:\/\/hunskate.hu\/wjch2025\/wp-content\/uploads\/2025\/02\/ice_vip-1024x661.jpg\" class=\"attachment-large size-large wp-image-4240\" alt=\"ICE VIP\" srcset=\"https:\/\/hunskate.hu\/wjch2025\/wp-content\/uploads\/2025\/02\/ice_vip-1024x661.jpg 1024w, https:\/\/hunskate.hu\/wjch2025\/wp-content\/uploads\/2025\/02\/ice_vip-300x194.jpg 300w, https:\/\/hunskate.hu\/wjch2025\/wp-content\/uploads\/2025\/02\/ice_vip-768x495.jpg 768w, https:\/\/hunskate.hu\/wjch2025\/wp-content\/uploads\/2025\/02\/ice_vip-1536x991.jpg 1536w, https:\/\/hunskate.hu\/wjch2025\/wp-content\/uploads\/2025\/02\/ice_vip.jpg 1550w\" sizes=\"(max-width: 1024px) 100vw, 1024px\" \/>\t\t\t\t\t\t\t\t\t\t\t\t\t<\/div>\n\t\t\t\t<\/div>\n\t\t\t\t<\/div>\n\t\t\t\t<\/div>\n\t\t\t\t<\/div>\n\t\t","protected":false},"excerpt":{"rendered":"<p>ICE VIP jegyek L\u00e9gy r\u00e9szese a j\u00e9g var\u00e1zs\u00e1nak exkluz\u00edv m\u00f3don! \u2744\ufe0f\u26f8\ufe0f M\u00e1r el\u00e9rhet\u0151 az ISU M\u0171korcsolya \u00e9s J\u00e9gt\u00e1nc Junior Vil\u00e1gbajnoks\u00e1g ICE VIP csomagja! \ud83c\udf9f\ufe0f\u2728 Febru\u00e1r 25. \u00e9s m\u00e1rcius 1. k\u00f6z\u00f6tt a debreceni F\u0151nix Ar\u00e9n\u00e1ban nemcsak a vil\u00e1g legtehets\u00e9gesebb fiatal korcsoly\u00e1z\u00f3it l\u00e1thatod testk\u00f6zelb\u0151l, hanem egy igaz\u00e1n exkluz\u00edv \u00e9lm\u00e9ny r\u00e9szese is lehetsz! Az ICE VIP csomag tartalmazza: [&hellip;]<\/p>\n","protected":false},"author":1,"featured_media":0,"parent":4098,"menu_order":0,"comment_status":"closed","ping_status":"closed","template":"elementor_header_footer","meta":{"ocean_post_layout":"","ocean_both_sidebars_style":"","ocean_both_sidebars_content_width":0,"ocean_both_sidebars_sidebars_width":0,"ocean_sidebar":"0","ocean_second_sidebar":"0","ocean_disable_margins":"enable","ocean_add_body_class":"","ocean_shortcode_before_top_bar":"","ocean_shortcode_after_top_bar":"","ocean_shortcode_before_header":"","ocean_shortcode_after_header":"","ocean_has_shortcode":"","ocean_shortcode_after_title":"","ocean_shortcode_before_footer_widgets":"","ocean_shortcode_after_footer_widgets":"","ocean_shortcode_before_footer_bottom":"","ocean_shortcode_after_footer_bottom":"","ocean_display_top_bar":"default","ocean_display_header":"default","ocean_header_style":"","ocean_center_header_left_menu":"0","ocean_custom_header_template":"0","ocean_custom_logo":0,"ocean_custom_retina_logo":0,"ocean_custom_logo_max_width":0,"ocean_custom_logo_tablet_max_width":0,"ocean_custom_logo_mobile_max_width":0,"ocean_custom_logo_max_height":0,"ocean_custom_logo_tablet_max_height":0,"ocean_custom_logo_mobile_max_height":0,"ocean_header_custom_menu":"0","ocean_menu_typo_font_family":"0","ocean_menu_typo_font_subset":"","ocean_menu_typo_font_size":0,"ocean_menu_typo_font_size_tablet":0,"ocean_menu_typo_font_size_mobile":0,"ocean_menu_typo_font_size_unit":"px","ocean_menu_typo_font_weight":"","ocean_menu_typo_font_weight_tablet":"","ocean_menu_typo_font_weight_mobile":"","ocean_menu_typo_transform":"","ocean_menu_typo_transform_tablet":"","ocean_menu_typo_transform_mobile":"","ocean_menu_typo_line_height":0,"ocean_menu_typo_line_height_tablet":0,"ocean_menu_typo_line_height_mobile":0,"ocean_menu_typo_line_height_unit":"","ocean_menu_typo_spacing":0,"ocean_menu_typo_spacing_tablet":0,"ocean_menu_typo_spacing_mobile":0,"ocean_menu_typo_spacing_unit":"","ocean_menu_link_color":"","ocean_menu_link_color_hover":"","ocean_menu_link_color_active":"","ocean_menu_link_background":"","ocean_menu_link_hover_background":"","ocean_menu_link_active_background":"","ocean_menu_social_links_bg":"","ocean_menu_social_hover_links_bg":"","ocean_menu_social_links_color":"","ocean_menu_social_hover_links_color":"","ocean_disable_title":"default","ocean_disable_heading":"default","ocean_post_title":"","ocean_post_subheading":"","ocean_post_title_style":"","ocean_post_title_background_color":"","ocean_post_title_background":0,"ocean_post_title_bg_image_position":"","ocean_post_title_bg_image_attachment":"","ocean_post_title_bg_image_repeat":"","ocean_post_title_bg_image_size":"","ocean_post_title_height":0,"ocean_post_title_bg_overlay":0.5,"ocean_post_title_bg_overlay_color":"","ocean_disable_breadcrumbs":"default","ocean_breadcrumbs_color":"","ocean_breadcrumbs_separator_color":"","ocean_breadcrumbs_links_color":"","ocean_breadcrumbs_links_hover_color":"","ocean_display_footer_widgets":"default","ocean_display_footer_bottom":"default","ocean_custom_footer_template":"0","footnotes":""},"class_list":["post-4254","page","type-page","status-publish","hentry","entry"],"_links":{"self":[{"href":"https:\/\/hunskate.hu\/wjch2025\/hu\/wp-json\/wp\/v2\/pages\/4254","targetHints":{"allow":["GET"]}}],"collection":[{"href":"https:\/\/hunskate.hu\/wjch2025\/hu\/wp-json\/wp\/v2\/pages"}],"about":[{"href":"https:\/\/hunskate.hu\/wjch2025\/hu\/wp-json\/wp\/v2\/types\/page"}],"author":[{"embeddable":true,"href":"https:\/\/hunskate.hu\/wjch2025\/hu\/wp-json\/wp\/v2\/users\/1"}],"replies":[{"embeddable":true,"href":"https:\/\/hunskate.hu\/wjch2025\/hu\/wp-json\/wp\/v2\/comments?post=4254"}],"version-history":[{"count":10,"href":"https:\/\/hunskate.hu\/wjch2025\/hu\/wp-json\/wp\/v2\/pages\/4254\/revisions"}],"predecessor-version":[{"id":4404,"href":"https:\/\/hunskate.hu\/wjch2025\/hu\/wp-json\/wp\/v2\/pages\/4254\/revisions\/4404"}],"up":[{"embeddable":true,"href":"https:\/\/hunskate.hu\/wjch2025\/hu\/wp-json\/wp\/v2\/pages\/4098"}],"wp:attachment":[{"href":"https:\/\/hunskate.hu\/wjch2025\/hu\/wp-json\/wp\/v2\/media?parent=4254"}],"curies":[{"name":"wp","href":"https:\/\/api.w.org\/{rel}","templated":true}]}}