{"id":4098,"date":"2024-11-29T17:22:56","date_gmt":"2024-11-29T15:22:56","guid":{"rendered":"https:\/\/hunskate.hu\/wjch2025\/?page_id=4098"},"modified":"2025-02-18T23:45:04","modified_gmt":"2025-02-18T21:45:04","slug":"jegyinformacio","status":"publish","type":"page","link":"https:\/\/hunskate.hu\/wjch2025\/hu\/helyszin\/jegyinformacio\/","title":{"rendered":"Jegyinform\u00e1ci\u00f3"},"content":{"rendered":"\t\t<div data-elementor-type=\"wp-page\" data-elementor-id=\"4098\" class=\"elementor elementor-4098 elementor-4090\" data-elementor-post-type=\"page\">\n\t\t\t\t<div class=\"elementor-element elementor-element-b47fa25 e-flex e-con-boxed e-con e-parent\" data-id=\"b47fa25\" data-element_type=\"container\">\n\t\t\t\t\t<div class=\"e-con-inner\">\n\t\t<div class=\"elementor-element elementor-element-b375e89 e-con-full e-flex elementor-invisible e-con e-child\" data-id=\"b375e89\" data-element_type=\"container\" data-settings=\"{&quot;background_background&quot;:&quot;gradient&quot;,&quot;animation&quot;:&quot;fadeInUp&quot;}\">\n\t\t\t\t<div class=\"elementor-element elementor-element-2123da4 elementor-widget elementor-widget-heading\" data-id=\"2123da4\" data-element_type=\"widget\" data-widget_type=\"heading.default\">\n\t\t\t\t<div class=\"elementor-widget-container\">\n\t\t\t<h2 class=\"elementor-heading-title elementor-size-default\">Jegyinform\u00e1ci\u00f3<\/h2>\t\t<\/div>\n\t\t\t\t<\/div>\n\t\t\t\t<div class=\"elementor-element elementor-element-6bb0ae5 elementor-widget elementor-widget-image\" data-id=\"6bb0ae5\" data-element_type=\"widget\" data-widget_type=\"image.default\">\n\t\t\t\t<div class=\"elementor-widget-container\">\n\t\t\t\t\t\t\t\t\t\t\t\t\t<img fetchpriority=\"high\" decoding=\"async\" width=\"2230\" height=\"732\" src=\"https:\/\/hunskate.hu\/wjch2025\/wp-content\/uploads\/2025\/02\/jegyar.png\" class=\"attachment-full size-full wp-image-4294\" alt=\"Jegy\u00e1r\" srcset=\"https:\/\/hunskate.hu\/wjch2025\/wp-content\/uploads\/2025\/02\/jegyar.png 2230w, https:\/\/hunskate.hu\/wjch2025\/wp-content\/uploads\/2025\/02\/jegyar-300x98.png 300w, https:\/\/hunskate.hu\/wjch2025\/wp-content\/uploads\/2025\/02\/jegyar-1024x336.png 1024w, https:\/\/hunskate.hu\/wjch2025\/wp-content\/uploads\/2025\/02\/jegyar-768x252.png 768w, https:\/\/hunskate.hu\/wjch2025\/wp-content\/uploads\/2025\/02\/jegyar-1536x504.png 1536w, https:\/\/hunskate.hu\/wjch2025\/wp-content\/uploads\/2025\/02\/jegyar-2048x672.png 2048w\" sizes=\"(max-width: 2230px) 100vw, 2230px\" \/>\t\t\t\t\t\t\t\t\t\t\t\t\t<\/div>\n\t\t\t\t<\/div>\n\t\t\t\t<div class=\"elementor-element elementor-element-68ba1a2 elementor-widget elementor-widget-image\" data-id=\"68ba1a2\" data-element_type=\"widget\" data-widget_type=\"image.default\">\n\t\t\t\t<div class=\"elementor-widget-container\">\n\t\t\t\t\t\t\t\t\t\t\t\t\t\t<a href=\"https:\/\/hunskate.hu\/wjch2025\/wp-content\/uploads\/2025\/02\/jegytukor_0205-1.png\" data-elementor-open-lightbox=\"no\">\n\t\t\t\t\t\t\t<img decoding=\"async\" width=\"1024\" height=\"870\" src=\"https:\/\/hunskate.hu\/wjch2025\/wp-content\/uploads\/2025\/02\/jegytukor_0205-1-1024x870.png\" class=\"attachment-large size-large wp-image-4231\" alt=\"jegytukor\" srcset=\"https:\/\/hunskate.hu\/wjch2025\/wp-content\/uploads\/2025\/02\/jegytukor_0205-1-1024x870.png 1024w, https:\/\/hunskate.hu\/wjch2025\/wp-content\/uploads\/2025\/02\/jegytukor_0205-1-300x255.png 300w, https:\/\/hunskate.hu\/wjch2025\/wp-content\/uploads\/2025\/02\/jegytukor_0205-1-768x652.png 768w, https:\/\/hunskate.hu\/wjch2025\/wp-content\/uploads\/2025\/02\/jegytukor_0205-1-1536x1305.png 1536w, https:\/\/hunskate.hu\/wjch2025\/wp-content\/uploads\/2025\/02\/jegytukor_0205-1.png 1662w\" sizes=\"(max-width: 1024px) 100vw, 1024px\" \/>\t\t\t\t\t\t\t\t<\/a>\n\t\t\t\t\t\t\t\t\t\t\t\t\t<\/div>\n\t\t\t\t<\/div>\n\t\t\t\t<\/div>\n\t\t\t\t\t<\/div>\n\t\t\t\t<\/div>\n\t\t<div class=\"elementor-element elementor-element-2a25f13 e-flex e-con-boxed e-con e-parent\" data-id=\"2a25f13\" data-element_type=\"container\">\n\t\t\t\t\t<div class=\"e-con-inner\">\n\t\t\t\t<div class=\"elementor-element elementor-element-6d3f9ae elementor-widget elementor-widget-heading\" data-id=\"6d3f9ae\" data-element_type=\"widget\" data-widget_type=\"heading.default\">\n\t\t\t\t<div class=\"elementor-widget-container\">\n\t\t\t<h2 class=\"elementor-heading-title elementor-size-default\"><a href=\"https:\/\/hunskate.hu\/wjch2025\/hu\/gy-i-k\/\">Tov\u00e1bbi k\u00e9rd\u00e9sei vannak? N\u00e9zze meg a GYIK oldalunkat!<\/a><\/h2>\t\t<\/div>\n\t\t\t\t<\/div>\n\t\t\t\t\t<\/div>\n\t\t\t\t<\/div>\n\t\t<div class=\"elementor-element elementor-element-4cf79ef9 e-flex e-con-boxed e-con e-parent\" data-id=\"4cf79ef9\" data-element_type=\"container\" data-settings=\"{&quot;background_background&quot;:&quot;classic&quot;}\">\n\t\t\t\t\t<div class=\"e-con-inner\">\n\t\t<div class=\"elementor-element elementor-element-62018152 e-con-full e-flex e-con e-child\" data-id=\"62018152\" data-element_type=\"container\">\n\t\t\t\t<div class=\"elementor-element elementor-element-2064c209 elementor-invisible elementor-widget elementor-widget-image\" data-id=\"2064c209\" data-element_type=\"widget\" data-settings=\"{&quot;_animation&quot;:&quot;fadeIn&quot;}\" data-widget_type=\"image.default\">\n\t\t\t\t<div class=\"elementor-widget-container\">\n\t\t\t\t\t\t\t\t\t\t\t\t\t<img decoding=\"async\" width=\"600\" height=\"287\" src=\"https:\/\/hunskate.hu\/wjch2025\/wp-content\/uploads\/2024\/08\/HunSkate_logo_rgb_600.png\" class=\"attachment-large size-large wp-image-1904\" alt=\"Hunskate\" srcset=\"https:\/\/hunskate.hu\/wjch2025\/wp-content\/uploads\/2024\/08\/HunSkate_logo_rgb_600.png 600w, https:\/\/hunskate.hu\/wjch2025\/wp-content\/uploads\/2024\/08\/HunSkate_logo_rgb_600-300x144.png 300w\" sizes=\"(max-width: 600px) 100vw, 600px\" \/>\t\t\t\t\t\t\t\t\t\t\t\t\t<\/div>\n\t\t\t\t<\/div>\n\t\t\t\t<div class=\"elementor-element elementor-element-6b8650da elementor-invisible elementor-widget elementor-widget-image\" data-id=\"6b8650da\" data-element_type=\"widget\" data-settings=\"{&quot;_animation&quot;:&quot;fadeIn&quot;,&quot;_animation_delay&quot;:200}\" data-widget_type=\"image.default\">\n\t\t\t\t<div class=\"elementor-widget-container\">\n\t\t\t\t\t\t\t\t\t\t\t\t\t<img loading=\"lazy\" decoding=\"async\" width=\"1024\" height=\"724\" src=\"https:\/\/hunskate.hu\/wjch2025\/wp-content\/uploads\/2024\/09\/WorldJuniorFigSkatChampDeb2025_hun-1024x724.png\" class=\"attachment-large size-large wp-image-2795\" alt=\"\" srcset=\"https:\/\/hunskate.hu\/wjch2025\/wp-content\/uploads\/2024\/09\/WorldJuniorFigSkatChampDeb2025_hun-1024x724.png 1024w, https:\/\/hunskate.hu\/wjch2025\/wp-content\/uploads\/2024\/09\/WorldJuniorFigSkatChampDeb2025_hun-300x212.png 300w, https:\/\/hunskate.hu\/wjch2025\/wp-content\/uploads\/2024\/09\/WorldJuniorFigSkatChampDeb2025_hun-768x543.png 768w, https:\/\/hunskate.hu\/wjch2025\/wp-content\/uploads\/2024\/09\/WorldJuniorFigSkatChampDeb2025_hun.png 1123w\" sizes=\"(max-width: 1024px) 100vw, 1024px\" \/>\t\t\t\t\t\t\t\t\t\t\t\t\t<\/div>\n\t\t\t\t<\/div>\n\t\t\t\t<\/div>\n\t\t<div class=\"elementor-element elementor-element-4540a6fe e-con-full e-flex e-con e-child\" data-id=\"4540a6fe\" data-element_type=\"container\">\n\t\t\t\t<div class=\"elementor-element elementor-element-56086c1e elementor-invisible elementor-widget elementor-widget-image\" data-id=\"56086c1e\" data-element_type=\"widget\" data-settings=\"{&quot;_animation&quot;:&quot;fadeIn&quot;,&quot;_animation_delay&quot;:400}\" data-widget_type=\"image.default\">\n\t\t\t\t<div class=\"elementor-widget-container\">\n\t\t\t\t\t\t\t\t\t\t\t\t\t\t<a href=\"#elementor-action%3Aaction%3Dpopup%3Aopen%26settings%3DeyJpZCI6MzE1NywidG9nZ2xlIjpmYWxzZX0%3D\">\n\t\t\t\t\t\t\t<img loading=\"lazy\" decoding=\"async\" width=\"1079\" height=\"966\" src=\"https:\/\/hunskate.hu\/wjch2025\/wp-content\/uploads\/2025\/02\/ive_vip.png\" class=\"attachment-full size-full wp-image-4246\" alt=\"Ice VIP\" srcset=\"https:\/\/hunskate.hu\/wjch2025\/wp-content\/uploads\/2025\/02\/ive_vip.png 1079w, https:\/\/hunskate.hu\/wjch2025\/wp-content\/uploads\/2025\/02\/ive_vip-300x269.png 300w, https:\/\/hunskate.hu\/wjch2025\/wp-content\/uploads\/2025\/02\/ive_vip-1024x917.png 1024w, https:\/\/hunskate.hu\/wjch2025\/wp-content\/uploads\/2025\/02\/ive_vip-768x688.png 768w\" sizes=\"(max-width: 1079px) 100vw, 1079px\" \/>\t\t\t\t\t\t\t\t<\/a>\n\t\t\t\t\t\t\t\t\t\t\t\t\t<\/div>\n\t\t\t\t<\/div>\n\t\t\t\t<div class=\"elementor-element elementor-element-39b7ba6 elementor-invisible elementor-widget elementor-widget-image\" data-id=\"39b7ba6\" data-element_type=\"widget\" data-settings=\"{&quot;_animation&quot;:&quot;fadeIn&quot;,&quot;_animation_delay&quot;:600}\" data-widget_type=\"image.default\">\n\t\t\t\t<div class=\"elementor-widget-container\">\n\t\t\t\t\t\t\t\t\t\t\t\t\t<img loading=\"lazy\" decoding=\"async\" width=\"1024\" height=\"447\" src=\"https:\/\/hunskate.hu\/wjch2025\/wp-content\/uploads\/2024\/09\/fonix_arena-1024x447.png\" class=\"attachment-large size-large wp-image-2824\" alt=\"\" srcset=\"https:\/\/hunskate.hu\/wjch2025\/wp-content\/uploads\/2024\/09\/fonix_arena-1024x447.png 1024w, https:\/\/hunskate.hu\/wjch2025\/wp-content\/uploads\/2024\/09\/fonix_arena-300x131.png 300w, https:\/\/hunskate.hu\/wjch2025\/wp-content\/uploads\/2024\/09\/fonix_arena-768x335.png 768w, https:\/\/hunskate.hu\/wjch2025\/wp-content\/uploads\/2024\/09\/fonix_arena-1536x670.png 1536w, https:\/\/hunskate.hu\/wjch2025\/wp-content\/uploads\/2024\/09\/fonix_arena.png 1889w\" sizes=\"(max-width: 1024px) 100vw, 1024px\" \/>\t\t\t\t\t\t\t\t\t\t\t\t\t<\/div>\n\t\t\t\t<\/div>\n\t\t\t\t<\/div>\n\t\t<div class=\"elementor-element elementor-element-5181008c e-con-full e-flex e-con e-child\" data-id=\"5181008c\" data-element_type=\"container\">\n\t\t\t\t<div class=\"elementor-element elementor-element-45c58ef2 elementor-cta--layout-image-right elementor-cta--valign-middle elementor-cta--mobile-layout-image-above elementor-cta--skin-classic elementor-animated-content elementor-widget elementor-widget-call-to-action\" data-id=\"45c58ef2\" data-element_type=\"widget\" data-widget_type=\"call-to-action.default\">\n\t\t\t\t<div class=\"elementor-widget-container\">\n\t\t\t\t\t<div class=\"elementor-cta\">\n\t\t\t\t\t\t\t<div class=\"elementor-cta__content\">\n\t\t\t\t\n\t\t\t\t\t\t\t\t\t<h2 class=\"elementor-cta__title elementor-cta__content-item elementor-content-item\">\n\t\t\t\t\t\tVIP jegyek el\u00e9rhet\u0151ek\t\t\t\t\t<\/h2>\n\t\t\t\t\n\t\t\t\t\n\t\t\t\t\t\t\t\t\t<div class=\"elementor-cta__button-wrapper elementor-cta__content-item elementor-content-item \">\n\t\t\t\t\t<a class=\"elementor-cta__button elementor-button elementor-size-md\" href=\"#elementor-action%3Aaction%3Dpopup%3Aopen%26settings%3DeyJpZCI6MzE1NywidG9nZ2xlIjpmYWxzZX0%3D\">\n\t\t\t\t\t\tJegyek\t\t\t\t\t<\/a>\n\t\t\t\t\t<\/div>\n\t\t\t\t\t\t\t<\/div>\n\t\t\t\t\t\t<\/div>\n\t\t\t\t<\/div>\n\t\t\t\t<\/div>\n\t\t\t\t<\/div>\n\t\t\t\t\t<\/div>\n\t\t\t\t<\/div>\n\t\t\t\t<\/div>\n\t\t","protected":false},"excerpt":{"rendered":"<p>Jegyinform\u00e1ci\u00f3 Tov\u00e1bbi k\u00e9rd\u00e9sei vannak? N\u00e9zze meg a GYIK oldalunkat! VIP jegyek el\u00e9rhet\u0151ek Jegyek<\/p>\n","protected":false},"author":1,"featured_media":4107,"parent":1958,"menu_order":0,"comment_status":"closed","ping_status":"closed","template":"elementor_header_footer","meta":{"ocean_post_layout":"","ocean_both_sidebars_style":"","ocean_both_sidebars_content_width":0,"ocean_both_sidebars_sidebars_width":0,"ocean_sidebar":"0","ocean_second_sidebar":"0","ocean_disable_margins":"enable","ocean_add_body_class":"","ocean_shortcode_before_top_bar":"","ocean_shortcode_after_top_bar":"","ocean_shortcode_before_header":"","ocean_shortcode_after_header":"","ocean_has_shortcode":"","ocean_shortcode_after_title":"","ocean_shortcode_before_footer_widgets":"","ocean_shortcode_after_footer_widgets":"","ocean_shortcode_before_footer_bottom":"","ocean_shortcode_after_footer_bottom":"","ocean_display_top_bar":"default","ocean_display_header":"default","ocean_header_style":"","ocean_center_header_left_menu":"0","ocean_custom_header_template":"0","ocean_custom_logo":0,"ocean_custom_retina_logo":0,"ocean_custom_logo_max_width":0,"ocean_custom_logo_tablet_max_width":0,"ocean_custom_logo_mobile_max_width":0,"ocean_custom_logo_max_height":0,"ocean_custom_logo_tablet_max_height":0,"ocean_custom_logo_mobile_max_height":0,"ocean_header_custom_menu":"0","ocean_menu_typo_font_family":"0","ocean_menu_typo_font_subset":"","ocean_menu_typo_font_size":0,"ocean_menu_typo_font_size_tablet":0,"ocean_menu_typo_font_size_mobile":0,"ocean_menu_typo_font_size_unit":"px","ocean_menu_typo_font_weight":"","ocean_menu_typo_font_weight_tablet":"","ocean_menu_typo_font_weight_mobile":"","ocean_menu_typo_transform":"","ocean_menu_typo_transform_tablet":"","ocean_menu_typo_transform_mobile":"","ocean_menu_typo_line_height":0,"ocean_menu_typo_line_height_tablet":0,"ocean_menu_typo_line_height_mobile":0,"ocean_menu_typo_line_height_unit":"","ocean_menu_typo_spacing":0,"ocean_menu_typo_spacing_tablet":0,"ocean_menu_typo_spacing_mobile":0,"ocean_menu_typo_spacing_unit":"","ocean_menu_link_color":"","ocean_menu_link_color_hover":"","ocean_menu_link_color_active":"","ocean_menu_link_background":"","ocean_menu_link_hover_background":"","ocean_menu_link_active_background":"","ocean_menu_social_links_bg":"","ocean_menu_social_hover_links_bg":"","ocean_menu_social_links_color":"","ocean_menu_social_hover_links_color":"","ocean_disable_title":"default","ocean_disable_heading":"default","ocean_post_title":"","ocean_post_subheading":"","ocean_post_title_style":"","ocean_post_title_background_color":"","ocean_post_title_background":0,"ocean_post_title_bg_image_position":"","ocean_post_title_bg_image_attachment":"","ocean_post_title_bg_image_repeat":"","ocean_post_title_bg_image_size":"","ocean_post_title_height":0,"ocean_post_title_bg_overlay":0.5,"ocean_post_title_bg_overlay_color":"","ocean_disable_breadcrumbs":"default","ocean_breadcrumbs_color":"","ocean_breadcrumbs_separator_color":"","ocean_breadcrumbs_links_color":"","ocean_breadcrumbs_links_hover_color":"","ocean_display_footer_widgets":"default","ocean_display_footer_bottom":"default","ocean_custom_footer_template":"0","footnotes":""},"class_list":["post-4098","page","type-page","status-publish","has-post-thumbnail","hentry","entry","has-media"],"_links":{"self":[{"href":"https:\/\/hunskate.hu\/wjch2025\/hu\/wp-json\/wp\/v2\/pages\/4098","targetHints":{"allow":["GET"]}}],"collection":[{"href":"https:\/\/hunskate.hu\/wjch2025\/hu\/wp-json\/wp\/v2\/pages"}],"about":[{"href":"https:\/\/hunskate.hu\/wjch2025\/hu\/wp-json\/wp\/v2\/types\/page"}],"author":[{"embeddable":true,"href":"https:\/\/hunskate.hu\/wjch2025\/hu\/wp-json\/wp\/v2\/users\/1"}],"replies":[{"embeddable":true,"href":"https:\/\/hunskate.hu\/wjch2025\/hu\/wp-json\/wp\/v2\/comments?post=4098"}],"version-history":[{"count":40,"href":"https:\/\/hunskate.hu\/wjch2025\/hu\/wp-json\/wp\/v2\/pages\/4098\/revisions"}],"predecessor-version":[{"id":4349,"href":"https:\/\/hunskate.hu\/wjch2025\/hu\/wp-json\/wp\/v2\/pages\/4098\/revisions\/4349"}],"up":[{"embeddable":true,"href":"https:\/\/hunskate.hu\/wjch2025\/hu\/wp-json\/wp\/v2\/pages\/1958"}],"wp:featuredmedia":[{"embeddable":true,"href":"https:\/\/hunskate.hu\/wjch2025\/hu\/wp-json\/wp\/v2\/media\/4107"}],"wp:attachment":[{"href":"https:\/\/hunskate.hu\/wjch2025\/hu\/wp-json\/wp\/v2\/media?parent=4098"}],"curies":[{"name":"wp","href":"https:\/\/api.w.org\/{rel}","templated":true}]}}