{"id":2621,"date":"2024-09-08T15:30:41","date_gmt":"2024-09-08T13:30:41","guid":{"rendered":"https:\/\/hunskate.hu\/wjch2025\/?page_id=2621"},"modified":"2024-09-08T22:50:40","modified_gmt":"2024-09-08T20:50:40","slug":"hirek","status":"publish","type":"page","link":"https:\/\/hunskate.hu\/wjch2025\/hu\/mediak\/hirek\/","title":{"rendered":"H\u00edrek"},"content":{"rendered":"\t\t<div data-elementor-type=\"wp-page\" data-elementor-id=\"2621\" class=\"elementor elementor-2621\" data-elementor-post-type=\"page\">\n\t\t\t\t<div class=\"elementor-element elementor-element-2e0627a e-flex e-con-boxed e-con e-parent\" data-id=\"2e0627a\" data-element_type=\"container\">\n\t\t\t\t\t<div class=\"e-con-inner\">\n\t\t\t\t<div class=\"elementor-element elementor-element-c57b125 elementor-widget elementor-widget-heading\" data-id=\"c57b125\" data-element_type=\"widget\" data-widget_type=\"heading.default\">\n\t\t\t\t<div class=\"elementor-widget-container\">\n\t\t\t<h2 class=\"elementor-heading-title elementor-size-default\">H\u00edrek<\/h2>\t\t<\/div>\n\t\t\t\t<\/div>\n\t\t\t\t<div class=\"elementor-element elementor-element-f61f4a7 elementor-grid-3 elementor-grid-tablet-2 elementor-grid-mobile-1 elementor-posts--thumbnail-top elementor-card-shadow-yes elementor-posts__hover-gradient elementor-widget elementor-widget-posts\" data-id=\"f61f4a7\" data-element_type=\"widget\" data-settings=\"{&quot;cards_row_gap&quot;:{&quot;unit&quot;:&quot;px&quot;,&quot;size&quot;:40,&quot;sizes&quot;:[]},&quot;cards_columns&quot;:&quot;3&quot;,&quot;cards_columns_tablet&quot;:&quot;2&quot;,&quot;cards_columns_mobile&quot;:&quot;1&quot;,&quot;cards_row_gap_tablet&quot;:{&quot;unit&quot;:&quot;px&quot;,&quot;size&quot;:&quot;&quot;,&quot;sizes&quot;:[]},&quot;cards_row_gap_mobile&quot;:{&quot;unit&quot;:&quot;px&quot;,&quot;size&quot;:&quot;&quot;,&quot;sizes&quot;:[]}}\" data-widget_type=\"posts.cards\">\n\t\t\t\t<div class=\"elementor-widget-container\">\n\t\t\t\t\t<div class=\"elementor-posts-container elementor-posts elementor-posts--skin-cards elementor-grid\">\n\t\t\t\t<article class=\"elementor-post elementor-grid-item post-4686 post type-post status-publish format-standard has-post-thumbnail hentry category-magyar category-uncategorized-hu entry has-media\">\n\t\t\t<div class=\"elementor-post__card\">\n\t\t\t\t<a class=\"elementor-post__thumbnail__link\" href=\"https:\/\/hunskate.hu\/wjch2025\/hu\/zaraskent-cimvedes-parosban\/\" tabindex=\"-1\" ><div class=\"elementor-post__thumbnail\"><img fetchpriority=\"high\" decoding=\"async\" width=\"768\" height=\"512\" src=\"https:\/\/hunskate.hu\/wjch2025\/wp-content\/uploads\/2025\/03\/eredmenyhirdetes1-768x512.jpg\" class=\"attachment-medium_large size-medium_large wp-image-4684\" alt=\"\" srcset=\"https:\/\/hunskate.hu\/wjch2025\/wp-content\/uploads\/2025\/03\/eredmenyhirdetes1-768x512.jpg 768w, https:\/\/hunskate.hu\/wjch2025\/wp-content\/uploads\/2025\/03\/eredmenyhirdetes1-300x200.jpg 300w, https:\/\/hunskate.hu\/wjch2025\/wp-content\/uploads\/2025\/03\/eredmenyhirdetes1-1024x683.jpg 1024w, https:\/\/hunskate.hu\/wjch2025\/wp-content\/uploads\/2025\/03\/eredmenyhirdetes1-1536x1024.jpg 1536w, https:\/\/hunskate.hu\/wjch2025\/wp-content\/uploads\/2025\/03\/eredmenyhirdetes1-2048x1365.jpg 2048w\" sizes=\"(max-width: 768px) 100vw, 768px\" \/><\/div><\/a>\n\t\t\t\t<div class=\"elementor-post__text\">\n\t\t\t\t<h4 class=\"elementor-post__title\">\n\t\t\t<a href=\"https:\/\/hunskate.hu\/wjch2025\/hu\/zaraskent-cimvedes-parosban\/\" >\n\t\t\t\tZ\u00e1r\u00e1sk\u00e9nt c\u00edmv\u00e9d\u00e9s p\u00e1rosban\t\t\t<\/a>\n\t\t<\/h4>\n\t\t\t\t\t<div class=\"elementor-post__read-more-wrapper\">\n\t\t\n\t\t<a class=\"elementor-post__read-more\" href=\"https:\/\/hunskate.hu\/wjch2025\/hu\/zaraskent-cimvedes-parosban\/\" aria-label=\"Read more about Z\u00e1r\u00e1sk\u00e9nt c\u00edmv\u00e9d\u00e9s p\u00e1rosban\" tabindex=\"-1\" >\n\t\t\tB\u0151vebben \u00bb\t\t<\/a>\n\n\t\t\t\t\t<\/div>\n\t\t\t\t<\/div>\n\t\t\t\t<div class=\"elementor-post__meta-data\">\n\t\t\t\t\t<span class=\"elementor-post-date\">\n\t\t\t2025. m\u00e1rcius 1,\t\t<\/span>\n\t\t\t\t<\/div>\n\t\t\t\t\t<\/div>\n\t\t<\/article>\n\t\t\t\t<article class=\"elementor-post elementor-grid-item post-4659 post type-post status-publish format-standard has-post-thumbnail hentry category-magyar entry has-media\">\n\t\t\t<div class=\"elementor-post__card\">\n\t\t\t\t<a class=\"elementor-post__thumbnail__link\" href=\"https:\/\/hunskate.hu\/wjch2025\/hu\/lily-es-pepe-uzenete-koszonjuk\/\" tabindex=\"-1\" ><div class=\"elementor-post__thumbnail\"><img decoding=\"async\" width=\"768\" height=\"525\" src=\"https:\/\/hunskate.hu\/wjch2025\/wp-content\/uploads\/2025\/02\/Unknown-768x525.jpeg\" class=\"attachment-medium_large size-medium_large wp-image-4660\" alt=\"\" srcset=\"https:\/\/hunskate.hu\/wjch2025\/wp-content\/uploads\/2025\/02\/Unknown-768x525.jpeg 768w, https:\/\/hunskate.hu\/wjch2025\/wp-content\/uploads\/2025\/02\/Unknown-300x205.jpeg 300w, https:\/\/hunskate.hu\/wjch2025\/wp-content\/uploads\/2025\/02\/Unknown-1024x700.jpeg 1024w, https:\/\/hunskate.hu\/wjch2025\/wp-content\/uploads\/2025\/02\/Unknown-1536x1051.jpeg 1536w, https:\/\/hunskate.hu\/wjch2025\/wp-content\/uploads\/2025\/02\/Unknown-2048x1401.jpeg 2048w\" sizes=\"(max-width: 768px) 100vw, 768px\" \/><\/div><\/a>\n\t\t\t\t<div class=\"elementor-post__text\">\n\t\t\t\t<h4 class=\"elementor-post__title\">\n\t\t\t<a href=\"https:\/\/hunskate.hu\/wjch2025\/hu\/lily-es-pepe-uzenete-koszonjuk\/\" >\n\t\t\t\tLily \u00e9s Pepe \u00fczenete: \u201eK\u00f6sz\u00f6nj\u00fck!\u201d\t\t\t<\/a>\n\t\t<\/h4>\n\t\t\t\t\t<div class=\"elementor-post__read-more-wrapper\">\n\t\t\n\t\t<a class=\"elementor-post__read-more\" href=\"https:\/\/hunskate.hu\/wjch2025\/hu\/lily-es-pepe-uzenete-koszonjuk\/\" aria-label=\"Read more about Lily \u00e9s Pepe \u00fczenete: \u201eK\u00f6sz\u00f6nj\u00fck!\u201d\" tabindex=\"-1\" >\n\t\t\tB\u0151vebben \u00bb\t\t<\/a>\n\n\t\t\t\t\t<\/div>\n\t\t\t\t<\/div>\n\t\t\t\t<div class=\"elementor-post__meta-data\">\n\t\t\t\t\t<span class=\"elementor-post-date\">\n\t\t\t2025. febru\u00e1r 28,\t\t<\/span>\n\t\t\t\t<\/div>\n\t\t\t\t\t<\/div>\n\t\t<\/article>\n\t\t\t\t<article class=\"elementor-post elementor-grid-item post-4647 post type-post status-publish format-standard has-post-thumbnail hentry category-magyar entry has-media\">\n\t\t\t<div class=\"elementor-post__card\">\n\t\t\t\t<a class=\"elementor-post__thumbnail__link\" href=\"https:\/\/hunskate.hu\/wjch2025\/hu\/tortenelmet-irt-az-olasz-jegtanckettos\/\" tabindex=\"-1\" ><div class=\"elementor-post__thumbnail\"><img decoding=\"async\" width=\"768\" height=\"512\" src=\"https:\/\/hunskate.hu\/wjch2025\/wp-content\/uploads\/2025\/02\/ceremony-768x512.jpeg\" class=\"attachment-medium_large size-medium_large wp-image-4648\" alt=\"\" srcset=\"https:\/\/hunskate.hu\/wjch2025\/wp-content\/uploads\/2025\/02\/ceremony-768x512.jpeg 768w, https:\/\/hunskate.hu\/wjch2025\/wp-content\/uploads\/2025\/02\/ceremony-300x200.jpeg 300w, https:\/\/hunskate.hu\/wjch2025\/wp-content\/uploads\/2025\/02\/ceremony-1024x683.jpeg 1024w, https:\/\/hunskate.hu\/wjch2025\/wp-content\/uploads\/2025\/02\/ceremony-1536x1024.jpeg 1536w, https:\/\/hunskate.hu\/wjch2025\/wp-content\/uploads\/2025\/02\/ceremony-2048x1365.jpeg 2048w\" sizes=\"(max-width: 768px) 100vw, 768px\" \/><\/div><\/a>\n\t\t\t\t<div class=\"elementor-post__text\">\n\t\t\t\t<h4 class=\"elementor-post__title\">\n\t\t\t<a href=\"https:\/\/hunskate.hu\/wjch2025\/hu\/tortenelmet-irt-az-olasz-jegtanckettos\/\" >\n\t\t\t\tT\u00f6rt\u00e9nelmet \u00edrt az olasz j\u00e9gt\u00e1nckett\u0151s\t\t\t<\/a>\n\t\t<\/h4>\n\t\t\t\t\t<div class=\"elementor-post__read-more-wrapper\">\n\t\t\n\t\t<a class=\"elementor-post__read-more\" href=\"https:\/\/hunskate.hu\/wjch2025\/hu\/tortenelmet-irt-az-olasz-jegtanckettos\/\" aria-label=\"Read more about T\u00f6rt\u00e9nelmet \u00edrt az olasz j\u00e9gt\u00e1nckett\u0151s\" tabindex=\"-1\" >\n\t\t\tB\u0151vebben \u00bb\t\t<\/a>\n\n\t\t\t\t\t<\/div>\n\t\t\t\t<\/div>\n\t\t\t\t<div class=\"elementor-post__meta-data\">\n\t\t\t\t\t<span class=\"elementor-post-date\">\n\t\t\t2025. febru\u00e1r 28,\t\t<\/span>\n\t\t\t\t<\/div>\n\t\t\t\t\t<\/div>\n\t\t<\/article>\n\t\t\t\t<article class=\"elementor-post elementor-grid-item post-4625 post type-post status-publish format-standard has-post-thumbnail hentry category-magyar entry has-media\">\n\t\t\t<div class=\"elementor-post__card\">\n\t\t\t\t<a class=\"elementor-post__thumbnail__link\" href=\"https:\/\/hunskate.hu\/wjch2025\/hu\/lesz-magyar-a-noi-kurben\/\" tabindex=\"-1\" ><div class=\"elementor-post__thumbnail\"><img loading=\"lazy\" decoding=\"async\" width=\"768\" height=\"512\" src=\"https:\/\/hunskate.hu\/wjch2025\/wp-content\/uploads\/2025\/02\/image002-768x512.jpg\" class=\"attachment-medium_large size-medium_large wp-image-4629\" alt=\"\" srcset=\"https:\/\/hunskate.hu\/wjch2025\/wp-content\/uploads\/2025\/02\/image002-768x512.jpg 768w, https:\/\/hunskate.hu\/wjch2025\/wp-content\/uploads\/2025\/02\/image002-300x200.jpg 300w, https:\/\/hunskate.hu\/wjch2025\/wp-content\/uploads\/2025\/02\/image002-1024x683.jpg 1024w, https:\/\/hunskate.hu\/wjch2025\/wp-content\/uploads\/2025\/02\/image002.jpg 1200w\" sizes=\"(max-width: 768px) 100vw, 768px\" \/><\/div><\/a>\n\t\t\t\t<div class=\"elementor-post__text\">\n\t\t\t\t<h4 class=\"elementor-post__title\">\n\t\t\t<a href=\"https:\/\/hunskate.hu\/wjch2025\/hu\/lesz-magyar-a-noi-kurben\/\" >\n\t\t\t\tLesz magyar a n\u0151i k\u0171rben!\t\t\t<\/a>\n\t\t<\/h4>\n\t\t\t\t\t<div class=\"elementor-post__read-more-wrapper\">\n\t\t\n\t\t<a class=\"elementor-post__read-more\" href=\"https:\/\/hunskate.hu\/wjch2025\/hu\/lesz-magyar-a-noi-kurben\/\" aria-label=\"Read more about Lesz magyar a n\u0151i k\u0171rben!\" tabindex=\"-1\" >\n\t\t\tB\u0151vebben \u00bb\t\t<\/a>\n\n\t\t\t\t\t<\/div>\n\t\t\t\t<\/div>\n\t\t\t\t<div class=\"elementor-post__meta-data\">\n\t\t\t\t\t<span class=\"elementor-post-date\">\n\t\t\t2025. febru\u00e1r 27,\t\t<\/span>\n\t\t\t\t<\/div>\n\t\t\t\t\t<\/div>\n\t\t<\/article>\n\t\t\t\t<article class=\"elementor-post elementor-grid-item post-4572 post type-post status-publish format-standard has-post-thumbnail hentry category-magyar entry has-media\">\n\t\t\t<div class=\"elementor-post__card\">\n\t\t\t\t<a class=\"elementor-post__thumbnail__link\" href=\"https:\/\/hunskate.hu\/wjch2025\/hu\/a-ferfiak-rovid-programjaval-es-a-jegtancosok-ritmus-tancaval-szerdan-megkezdodott-debrecenben-a-junior-mukorcsolya-es-jegtanc-vilagbajnoksag\/\" tabindex=\"-1\" ><div class=\"elementor-post__thumbnail\"><img loading=\"lazy\" decoding=\"async\" width=\"768\" height=\"512\" src=\"https:\/\/hunskate.hu\/wjch2025\/wp-content\/uploads\/2025\/02\/image00100-768x512.jpg\" class=\"attachment-medium_large size-medium_large wp-image-4573\" alt=\"\" srcset=\"https:\/\/hunskate.hu\/wjch2025\/wp-content\/uploads\/2025\/02\/image00100-768x512.jpg 768w, https:\/\/hunskate.hu\/wjch2025\/wp-content\/uploads\/2025\/02\/image00100-300x200.jpg 300w, https:\/\/hunskate.hu\/wjch2025\/wp-content\/uploads\/2025\/02\/image00100.jpg 880w\" sizes=\"(max-width: 768px) 100vw, 768px\" \/><\/div><\/a>\n\t\t\t\t<div class=\"elementor-post__text\">\n\t\t\t\t<h4 class=\"elementor-post__title\">\n\t\t\t<a href=\"https:\/\/hunskate.hu\/wjch2025\/hu\/a-ferfiak-rovid-programjaval-es-a-jegtancosok-ritmus-tancaval-szerdan-megkezdodott-debrecenben-a-junior-mukorcsolya-es-jegtanc-vilagbajnoksag\/\" >\n\t\t\t\tA f\u00e9rfiak r\u00f6vid programj\u00e1val \u00e9s a j\u00e9gt\u00e1ncosok ritmus t\u00e1nc\u00e1val szerd\u00e1n megkezd\u0151d\u00f6tt Debrecenben a junior m\u0171korcsolya \u00e9s j\u00e9gt\u00e1nc vil\u00e1gbajnoks\u00e1g.\t\t\t<\/a>\n\t\t<\/h4>\n\t\t\t\t\t<div class=\"elementor-post__read-more-wrapper\">\n\t\t\n\t\t<a class=\"elementor-post__read-more\" href=\"https:\/\/hunskate.hu\/wjch2025\/hu\/a-ferfiak-rovid-programjaval-es-a-jegtancosok-ritmus-tancaval-szerdan-megkezdodott-debrecenben-a-junior-mukorcsolya-es-jegtanc-vilagbajnoksag\/\" aria-label=\"Read more about A f\u00e9rfiak r\u00f6vid programj\u00e1val \u00e9s a j\u00e9gt\u00e1ncosok ritmus t\u00e1nc\u00e1val szerd\u00e1n megkezd\u0151d\u00f6tt Debrecenben a junior m\u0171korcsolya \u00e9s j\u00e9gt\u00e1nc vil\u00e1gbajnoks\u00e1g.\" tabindex=\"-1\" >\n\t\t\tB\u0151vebben \u00bb\t\t<\/a>\n\n\t\t\t\t\t<\/div>\n\t\t\t\t<\/div>\n\t\t\t\t<div class=\"elementor-post__meta-data\">\n\t\t\t\t\t<span class=\"elementor-post-date\">\n\t\t\t2025. febru\u00e1r 27,\t\t<\/span>\n\t\t\t\t<\/div>\n\t\t\t\t\t<\/div>\n\t\t<\/article>\n\t\t\t\t<article class=\"elementor-post elementor-grid-item post-4486 post type-post status-publish format-standard has-post-thumbnail hentry category-magyar entry has-media\">\n\t\t\t<div class=\"elementor-post__card\">\n\t\t\t\t<a class=\"elementor-post__thumbnail__link\" href=\"https:\/\/hunskate.hu\/wjch2025\/hu\/a-hazai-kozonseg-segitheti-a-mieinket-2\/\" tabindex=\"-1\" ><div class=\"elementor-post__thumbnail\"><img loading=\"lazy\" decoding=\"async\" width=\"768\" height=\"495\" src=\"https:\/\/hunskate.hu\/wjch2025\/wp-content\/uploads\/2025\/02\/telthaz2-768x495.png\" class=\"attachment-medium_large size-medium_large wp-image-4467\" alt=\"\" srcset=\"https:\/\/hunskate.hu\/wjch2025\/wp-content\/uploads\/2025\/02\/telthaz2-768x495.png 768w, https:\/\/hunskate.hu\/wjch2025\/wp-content\/uploads\/2025\/02\/telthaz2-300x194.png 300w, https:\/\/hunskate.hu\/wjch2025\/wp-content\/uploads\/2025\/02\/telthaz2-1024x661.png 1024w, https:\/\/hunskate.hu\/wjch2025\/wp-content\/uploads\/2025\/02\/telthaz2-1536x991.png 1536w, https:\/\/hunskate.hu\/wjch2025\/wp-content\/uploads\/2025\/02\/telthaz2.png 1550w\" sizes=\"(max-width: 768px) 100vw, 768px\" \/><\/div><\/a>\n\t\t\t\t<div class=\"elementor-post__text\">\n\t\t\t\t<h4 class=\"elementor-post__title\">\n\t\t\t<a href=\"https:\/\/hunskate.hu\/wjch2025\/hu\/a-hazai-kozonseg-segitheti-a-mieinket-2\/\" >\n\t\t\t\tA hazai k\u00f6z\u00f6ns\u00e9g seg\u00edtheti a mieinket\t\t\t<\/a>\n\t\t<\/h4>\n\t\t\t\t\t<div class=\"elementor-post__read-more-wrapper\">\n\t\t\n\t\t<a class=\"elementor-post__read-more\" href=\"https:\/\/hunskate.hu\/wjch2025\/hu\/a-hazai-kozonseg-segitheti-a-mieinket-2\/\" aria-label=\"Read more about A hazai k\u00f6z\u00f6ns\u00e9g seg\u00edtheti a mieinket\" tabindex=\"-1\" >\n\t\t\tB\u0151vebben \u00bb\t\t<\/a>\n\n\t\t\t\t\t<\/div>\n\t\t\t\t<\/div>\n\t\t\t\t<div class=\"elementor-post__meta-data\">\n\t\t\t\t\t<span class=\"elementor-post-date\">\n\t\t\t2025. febru\u00e1r 25,\t\t<\/span>\n\t\t\t\t<\/div>\n\t\t\t\t\t<\/div>\n\t\t<\/article>\n\t\t\t\t<\/div>\n\t\t\n\t\t\t\t<\/div>\n\t\t\t\t<\/div>\n\t\t\t\t\t<\/div>\n\t\t\t\t<\/div>\n\t\t\t\t<\/div>\n\t\t","protected":false},"excerpt":{"rendered":"<p>H\u00edrek<\/p>\n","protected":false},"author":1,"featured_media":0,"parent":2686,"menu_order":0,"comment_status":"closed","ping_status":"closed","template":"","meta":{"ocean_post_layout":"","ocean_both_sidebars_style":"","ocean_both_sidebars_content_width":0,"ocean_both_sidebars_sidebars_width":0,"ocean_sidebar":"0","ocean_second_sidebar":"0","ocean_disable_margins":"enable","ocean_add_body_class":"","ocean_shortcode_before_top_bar":"","ocean_shortcode_after_top_bar":"","ocean_shortcode_before_header":"","ocean_shortcode_after_header":"","ocean_has_shortcode":"","ocean_shortcode_after_title":"","ocean_shortcode_before_footer_widgets":"","ocean_shortcode_after_footer_widgets":"","ocean_shortcode_before_footer_bottom":"","ocean_shortcode_after_footer_bottom":"","ocean_display_top_bar":"default","ocean_display_header":"default","ocean_header_style":"","ocean_center_header_left_menu":"0","ocean_custom_header_template":"0","ocean_custom_logo":0,"ocean_custom_retina_logo":0,"ocean_custom_logo_max_width":0,"ocean_custom_logo_tablet_max_width":0,"ocean_custom_logo_mobile_max_width":0,"ocean_custom_logo_max_height":0,"ocean_custom_logo_tablet_max_height":0,"ocean_custom_logo_mobile_max_height":0,"ocean_header_custom_menu":"0","ocean_menu_typo_font_family":"0","ocean_menu_typo_font_subset":"","ocean_menu_typo_font_size":0,"ocean_menu_typo_font_size_tablet":0,"ocean_menu_typo_font_size_mobile":0,"ocean_menu_typo_font_size_unit":"px","ocean_menu_typo_font_weight":"","ocean_menu_typo_font_weight_tablet":"","ocean_menu_typo_font_weight_mobile":"","ocean_menu_typo_transform":"","ocean_menu_typo_transform_tablet":"","ocean_menu_typo_transform_mobile":"","ocean_menu_typo_line_height":0,"ocean_menu_typo_line_height_tablet":0,"ocean_menu_typo_line_height_mobile":0,"ocean_menu_typo_line_height_unit":"","ocean_menu_typo_spacing":0,"ocean_menu_typo_spacing_tablet":0,"ocean_menu_typo_spacing_mobile":0,"ocean_menu_typo_spacing_unit":"","ocean_menu_link_color":"","ocean_menu_link_color_hover":"","ocean_menu_link_color_active":"","ocean_menu_link_background":"","ocean_menu_link_hover_background":"","ocean_menu_link_active_background":"","ocean_menu_social_links_bg":"","ocean_menu_social_hover_links_bg":"","ocean_menu_social_links_color":"","ocean_menu_social_hover_links_color":"","ocean_disable_title":"default","ocean_disable_heading":"default","ocean_post_title":"","ocean_post_subheading":"","ocean_post_title_style":"","ocean_post_title_background_color":"","ocean_post_title_background":0,"ocean_post_title_bg_image_position":"","ocean_post_title_bg_image_attachment":"","ocean_post_title_bg_image_repeat":"","ocean_post_title_bg_image_size":"","ocean_post_title_height":0,"ocean_post_title_bg_overlay":0.5,"ocean_post_title_bg_overlay_color":"","ocean_disable_breadcrumbs":"default","ocean_breadcrumbs_color":"","ocean_breadcrumbs_separator_color":"","ocean_breadcrumbs_links_color":"","ocean_breadcrumbs_links_hover_color":"","ocean_display_footer_widgets":"default","ocean_display_footer_bottom":"default","ocean_custom_footer_template":"0","footnotes":""},"class_list":["post-2621","page","type-page","status-publish","hentry","entry","has-media"],"_links":{"self":[{"href":"https:\/\/hunskate.hu\/wjch2025\/hu\/wp-json\/wp\/v2\/pages\/2621","targetHints":{"allow":["GET"]}}],"collection":[{"href":"https:\/\/hunskate.hu\/wjch2025\/hu\/wp-json\/wp\/v2\/pages"}],"about":[{"href":"https:\/\/hunskate.hu\/wjch2025\/hu\/wp-json\/wp\/v2\/types\/page"}],"author":[{"embeddable":true,"href":"https:\/\/hunskate.hu\/wjch2025\/hu\/wp-json\/wp\/v2\/users\/1"}],"replies":[{"embeddable":true,"href":"https:\/\/hunskate.hu\/wjch2025\/hu\/wp-json\/wp\/v2\/comments?post=2621"}],"version-history":[{"count":10,"href":"https:\/\/hunskate.hu\/wjch2025\/hu\/wp-json\/wp\/v2\/pages\/2621\/revisions"}],"predecessor-version":[{"id":2706,"href":"https:\/\/hunskate.hu\/wjch2025\/hu\/wp-json\/wp\/v2\/pages\/2621\/revisions\/2706"}],"up":[{"embeddable":true,"href":"https:\/\/hunskate.hu\/wjch2025\/hu\/wp-json\/wp\/v2\/pages\/2686"}],"wp:attachment":[{"href":"https:\/\/hunskate.hu\/wjch2025\/hu\/wp-json\/wp\/v2\/media?parent=2621"}],"curies":[{"name":"wp","href":"https:\/\/api.w.org\/{rel}","templated":true}]}}