{"id":1994,"date":"2024-08-27T05:09:37","date_gmt":"2024-08-27T03:09:37","guid":{"rendered":"https:\/\/hunskate.hu\/wjch2025\/?page_id=1994"},"modified":"2024-09-11T10:10:00","modified_gmt":"2024-09-11T08:10:00","slug":"sportagtortenet","status":"publish","type":"page","link":"https:\/\/hunskate.hu\/wjch2025\/hu\/esemeny\/sportagtortenet\/","title":{"rendered":"Sport\u00e1gt\u00f6rt\u00e9net"},"content":{"rendered":"\t\t<div data-elementor-type=\"wp-page\" data-elementor-id=\"1994\" class=\"elementor elementor-1994 elementor-1437\" data-elementor-post-type=\"page\">\n\t\t\t\t<div class=\"elementor-element elementor-element-309eddd e-flex e-con-boxed e-con e-parent\" data-id=\"309eddd\" data-element_type=\"container\">\n\t\t\t\t\t<div class=\"e-con-inner\">\n\t\t\t\t<div class=\"elementor-element elementor-element-ac325ee elementor-widget elementor-widget-heading\" data-id=\"ac325ee\" data-element_type=\"widget\" data-widget_type=\"heading.default\">\n\t\t\t\t<div class=\"elementor-widget-container\">\n\t\t\t<h2 class=\"elementor-heading-title elementor-size-default\">Sport\u00e1gt\u00f6rt\u00e9net<\/h2>\t\t<\/div>\n\t\t\t\t<\/div>\n\t\t\t\t<div class=\"elementor-element elementor-element-287b179 elementor-widget elementor-widget-text-editor\" data-id=\"287b179\" data-element_type=\"widget\" data-widget_type=\"text-editor.default\">\n\t\t\t\t<div class=\"elementor-widget-container\">\n\t\t\t\t\t\t\t<p><strong>T\u00f6rt\u00e9nelem<\/strong><\/p><p>Az els\u0151 junior vil\u00e1gbajnoks\u00e1got 1976 m\u00e1rcius\u00e1ban rendezt\u00e9k meg a franciaorsz\u00e1gi Meg\u00e8ve-ben, \u00e9s eredeti elnevez\u00e9se \u201eISU Junior m\u0171korcsolya bajnoks\u00e1g\u201d. 1977-ben a bajnoks\u00e1got ugyanazon a n\u00e9ven, ugyanazon a helyen ism\u00e9t megrendezt\u00e9k. 1978-ban ezeket a bajnoks\u00e1gokat hivatalosan &#8222;Junior M\u0171korcsolya Vil\u00e1gbajnoks\u00e1gnak&#8221; nevezt\u00e9k el, \u00e9s ism\u00e9t a franciaorsz\u00e1gi Meg\u00e8ve-ben rendezt\u00e9k meg. Az\u00f3ta a helysz\u00edn minden \u00e9vben v\u00e1ltozott.<\/p><p><strong>Junior m\u0171korcsolya vil\u00e1gversenyek Magyarorsz\u00e1gon<\/strong><\/p><p>Magyarorsz\u00e1g id\u00e1ig h\u00e1romszor adott otthont Junior M\u0171korcsolya Vil\u00e1gbajnoks\u00e1gnak:<\/p><p>1991 Budapest<\/p><p>1995 Budapest<\/p><p>2016 Debrecen<\/p><p><strong>Junior m\u0171korcsolya Vil\u00e1gbajnoks\u00e1g \u00e9rmes magyar korcsoly\u00e1z\u00f3i<\/strong><\/p><p>Egy\u00e9ni m\u0171korcsolya<\/p><p>N\u0150I<\/p><p>1994 Czak\u00f3 Krisztina ez\u00fcst\u00e9rem<\/p><p>1995 Czak\u00f3 Krisztina bronz\u00e9rem<br \/><br \/><\/p><p>J\u00e9gt\u00e1nc<\/p><p>1980 P\u00e9terfy Judit \u00e9s B\u00e1lint Csaba ez\u00fcst\u00e9rem<\/p><p>2003 Hoffmann N\u00f3ra \u00e9s Elek Attila ez\u00fcst\u00e9rem<\/p><p>2004 Hoffmann N\u00f3ra \u00e9s Elek Attila ez\u00fcst\u00e9rem<\/p><p><strong>N\u00e9h\u00e1ny sz\u00f3ban a Junior M\u0171korcsolya Vil\u00e1gbajnoks\u00e1gokr\u00f3l:<\/strong><\/p><p>A Junior M\u0171korcsolya Vil\u00e1gbajnoks\u00e1g, amelyet \u00e1ltal\u00e1ban &#8222;Junior Vil\u00e1gbajnoks\u00e1gnak&#8221; neveznek, a Nemzetk\u00f6zi Korcsoly\u00e1z\u00f3 Sz\u00f6vets\u00e9g \u00e1ltal j\u00f3v\u00e1hagyott \u00e9ves m\u0171korcsolyaverseny, amelyen a meghat\u00e1rozott koroszt\u00e1lyon bel\u00fcli m\u0171korcsoly\u00e1z\u00f3k versengenek a junior vil\u00e1gbajnoki c\u00edm\u00e9rt.<\/p><p>Ez az esem\u00e9ny egyike a n\u00e9gy, \u00e9ves ISU m\u0171korcsolya bajnoks\u00e1gnak, \u00e9s a legrangosabb a juniorok sz\u00e1m\u00e1ra. F\u00e9rfi egyesben, n\u0151i egyesben, p\u00e1ros m\u0171korcsoly\u00e1ban \u00e9s j\u00e9gt\u00e1ncban osztanak \u00e9rmeket.<\/p><p>A Nemzetk\u00f6zi Korcsoly\u00e1z\u00f3 Sz\u00f6vets\u00e9g (ISU) ut\u00e1np\u00f3tl\u00e1sra vonatkoz\u00f3 ir\u00e1nyelvei az \u00e9vek sor\u00e1n v\u00e1ltoztak \u2013 jelenleg a Nemzetk\u00f6zi Junior Versenyeken \u00e9s ISU Junior Bajnoks\u00e1gokon a Junior kateg\u00f3ri\u00e1ba tartozik az a korcsoly\u00e1z\u00f3, aki az al\u00e1bbi felt\u00e9teleknek megfelel a versenyt megel\u0151z\u0151 j\u00falius 1-je el\u0151tt: i) bet\u00f6lt\u00f6tte legal\u00e1bb a tizenh\u00e1rom \u00e9ves kort; ii) nem t\u00f6lt\u00f6tte be a tizenkilenc \u00e9ves kort a n\u0151k \u00e9s f\u00e9rfiak egy\u00e9ni verseny\u00e9ben; \u00e9s iii) p\u00e1ros korcsoly\u00e1z\u00e1sban a n\u0151k nem t\u00f6lt\u00f6tt\u00e9k be a huszonegy \u00e9ves kort, a f\u00e9rfiak pedig a huszonh\u00e1rom \u00e9ves kort. A k\u00e9t partner k\u00f6z\u00f6tt maximum h\u00e9t \u00e9v kork\u00fcl\u00f6nbs\u00e9g enged\u00e9lyezett.<\/p><p><strong>Kvalifik\u00e1ci\u00f3<\/strong><\/p><p>A korcsoly\u00e1z\u00f3k egy ISU-tagorsz\u00e1ghoz val\u00f3 tartoz\u00e1ssal kvalifik\u00e1lhatj\u00e1k magukat a junior vil\u00e1gbajnoks\u00e1gra. Minden orsz\u00e1g alap\u00e9rtelmez\u00e9s szerint minden sport\u00e1g\u00e1gban egy nevez\u00e9st enged\u00e9lyez. Egy adott sport\u00e1gban egy orsz\u00e1g legt\u00f6bb nevez\u00e9se h\u00e1rom lehet. Az orsz\u00e1gok egy m\u00e1sodik vagy harmadik nevez\u00e9st szerezhetnek a k\u00f6vetkez\u0151 \u00e9vi versenyre, ha pontokat szereznek a korcsoly\u00e1z\u00f3k helyez\u00e9se alapj\u00e1n. A pontok az orsz\u00e1g korcsoly\u00e1z\u00f3inak helyez\u00e9seinek \u00f6sszeg\u00e9vel egyenl\u0151k (ha h\u00e1rom van, az els\u0151 kett\u0151). A nevez\u00e9sek nem vihet\u0151k \u00e1t a k\u00f6vetkez\u0151 szezonokra, \u00edgy az orsz\u00e1goknak tov\u00e1bbra is minden \u00e9vben meg kell szerezni\u00fck m\u00e1sodik vagy harmadik hely\u00fcket. Ha egy orsz\u00e1gnak csak egy korcsoly\u00e1z\u00f3ja van, akkor ennek a korcsoly\u00e1z\u00f3nak az els\u0151 t\u00edzbe kell ker\u00fclnie, hogy megszerezze a m\u00e1sodik nevez\u00e9st, \u00e9s az els\u0151 kett\u0151be, hogy h\u00e1rom nevez\u00e9st szerezzen a k\u00f6vetkez\u0151 \u00e9vi bajnoks\u00e1gra. Ha egy orsz\u00e1gnak k\u00e9t korcsoly\u00e1z\u00f3ja van, ezen a korcsoly\u00e1z\u00f3k a kombin\u00e1lt helyez\u00e9s\u00e9nek 13-nak vagy kevesebbnek kell lennie ahhoz, hogy kvalifik\u00e1lja mag\u00e1t 3 nevez\u00e9sre, \u00e9s 28-nak vagy kevesebbnek kell lennie ahhoz, hogy megtartsa k\u00e9t nevez\u00e9s\u00e9t. Ha ezt nem teszik meg, akkor csak egy indul\u00e1si lehet\u0151s\u00e9g\u00fck van a k\u00f6vetkez\u0151 \u00e9vre.<\/p><p>Azt, hogy az egyes orsz\u00e1gokb\u00f3l melyik korcsoly\u00e1z\u00f3 vesz r\u00e9szt a junior vil\u00e1gbajnoks\u00e1gon, a nemzeti ir\u00e1ny\u00edt\u00f3 test\u00fclet, sz\u00f6vets\u00e9g d\u00f6nti el. Egyes orsz\u00e1gok nemzeti bajnoks\u00e1gaik eredm\u00e9nyeire t\u00e1maszkodnak, m\u00edg m\u00e1soknak egy\u00e9b krit\u00e9riumai vannak. A kiv\u00e1laszt\u00e1s orsz\u00e1gonk\u00e9nt elt\u00e9r\u0151.<\/p><p><strong>Mi a m\u0171korcsoly\u00e1z\u00e1s?<\/strong><\/p><p>A m\u0171korcsolya, ahogy a neve is sugallja, &#8222;figur\u00e1k&#8221; j\u00e9gen val\u00f3 bemutat\u00e1s\u00e1t, korcsoly\u00e1z\u00e1s\u00e1t jelenti. A m\u0171korcsolya sport\u00e1gai megk\u00f6vetelik a versenyz\u0151kt\u0151l, hogy programjuk r\u00e9szek\u00e9nt kiv\u00e1lasztott mint\u00e1kat vagy figur\u00e1kat korcsoly\u00e1zzanak. A korcsoly\u00e1z\u00e1s a j\u00e9gen val\u00f3 mozg\u00e1s gyakorlati m\u00f3dj\u00e1b\u00f3l a m\u0171v\u00e9szet \u00e9s a sport eleg\u00e1ns kever\u00e9k\u00e9v\u00e9 fejl\u0151d\u00f6tt napjainkra.<br \/><br \/><\/p><p>M\u0171korcsoly\u00e1z\u00e1s sport\u00e1gai:<\/p><p>egy\u00e9ni (n\u0151i \u00e9s f\u00e9rfi) m\u0171korcsolya<\/p><p>p\u00e1ros m\u0171korcsolya<\/p><p>j\u00e9gt\u00e1nc<\/p><p><strong>Ki, hol \u00e9s mikor tal\u00e1lta fel a m\u0171korcsoly\u00e1z\u00e1st?<\/strong><\/p><p>A hollandok vitathatatlanul a korcsoly\u00e1z\u00e1s legkor\u00e1bbi \u00fatt\u00f6r\u0151i voltak. M\u00e1r a 13. sz\u00e1zadban elkezdt\u00e9k a befagyott csatorn\u00e1kat haszn\u00e1lni a kommunik\u00e1ci\u00f3 fenntart\u00e1s\u00e1ra, falur\u00f3l falura korcsoly\u00e1zva. A korcsoly\u00e1z\u00e1s v\u00e9g\u00fcl \u00e1tterjedt Angli\u00e1ba is, \u00e9s hamarosan elkezdtek kialakulni az els\u0151 klubok \u00e9s m\u0171p\u00e1ly\u00e1k. A szenved\u00e9lyes korcsoly\u00e1z\u00f3k k\u00f6z\u00f6tt volt Anglia sz\u00e1mos kir\u00e1lya, Marie Antoinette, III. Nap\u00f3leon \u00e9s Johann Wolfgang von Goethe n\u00e9met \u00edr\u00f3 is.<\/p><p>K\u00e9t amerikai felel\u0151s a sport\u00e1g t\u00f6rt\u00e9net\u00e9nek f\u0151bb fejlem\u00e9nyei\u00e9rt. 1850-ben a philadelphiai Edward Bushnell forradalmas\u00edtotta a korcsoly\u00e1z\u00e1st, amikor bemutatta az \u00f6sszetett man\u0151vereket \u00e9s kanyarokat lehet\u0151v\u00e9 tev\u0151 ac\u00e9lpeng\u00e9s korcsoly\u00e1kat. Jackson Haines, az 1860-as \u00e9vekben B\u00e9csben \u00e9lt balettmester balett \u00e9s t\u00e1nc elemekkel ruh\u00e1zta fel a sport\u00e1gat.<\/p><p><strong>Mik a m\u0171korcsoly\u00e1z\u00e1s szab\u00e1lyai?<\/strong><\/p><p>A korcsoly\u00e1z\u00f3knak meghat\u00e1rozott sz\u00e1m\u00fa ugr\u00e1st, forg\u00e1st, l\u00e9p\u00e9ssort \u00e9s egy\u00e9b elemeket kell v\u00e9grehajtaniuk minden egyes \u00e9s p\u00e1ros versenysz\u00e1mban, \u00e9s egy meghat\u00e1rozott t\u00e9m\u00e1t kell k\u00f6vetni\u00fck a j\u00e9gt\u00e1ncban. Az es\u00e9seket \u00e9s egy\u00e9b hib\u00e1kat pontlevon\u00e1ssal b\u00fcntetik. Az \u00f6sszpontsz\u00e1m sz\u00e1m\u00edt az \u00f6sszes\u00edtett eredm\u00e9nybe.<\/p><p><strong>Hogyan t\u00f6rt\u00e9nik a m\u0171korcsolya pontoz\u00e1sa?<\/strong><\/p><p>A jelenlegi ISU b\u00edr\u00e1lati rendszer szerint a m\u0171korcsoly\u00e1z\u00e1s pontsz\u00e1m\u00e1nak k\u00e9t kulcsfontoss\u00e1g\u00fa r\u00e9sze van: technikai elemek (TES) \u00e9s programelemek (PCS). Egyszer\u0171en fogalmazva, a TES m\u00e9ri a program technikai volt\u00e1t (p\u00e9ld\u00e1ul az ugr\u00e1s neh\u00e9zs\u00e9g\u00e9t \u00e9s azt, hogy az egyes elemek \u2013 ugr\u00e1sok, forg\u00e1sok stb. \u2013 v\u00e9grehajt\u00e1sa milyen szinten t\u00f6rt\u00e9nik), a PCS pedig a program el\u0151ad\u00e1s\u00e1nak elemeit m\u00e9ri (p\u00e9ld\u00e1ul zene \u00e9s koreogr\u00e1fia). A k\u00e9t r\u00e9sz egy\u00fcttesen hat\u00e1rozza meg a program pontsz\u00e1m\u00e1t (r\u00f6vid program, ritmust\u00e1nc, szabadkorcsolya\/k\u0171r vagy szabadt\u00e1nc). Egy korcsoly\u00e1z\u00f3 v\u00e9gs\u0151 \u00f6sszpontsz\u00e1ma a k\u00e9t k\u00fcl\u00f6nb\u00f6z\u0151 szegmens pontsz\u00e1m\u00e1b\u00f3l \u00e1ll \u00f6ssze.<\/p><p><strong>Mik a k\u00fcl\u00f6nb\u00f6z\u0151 ugr\u00e1sok a m\u0171korcsoly\u00e1ban?<\/strong><\/p><p>A m\u0171korcsoly\u00e1ban szimpla-, dupla-, h\u00e1rom- \u00e9s n\u00e9gy fordulatos ugr\u00e1sokat mutatnak be. Az ugr\u00e1sok a k\u00f6vetkez\u0151k: axel, euler, lutz, flip, rittberger, salchow, toe-loop.<\/p><p>Forr\u00e1s: <a href=\"https:\/\/olympics.com\/en\/sports\/figure-skating\/\">https:\/\/olympics.com\/en\/sports\/figure-skating\/<\/a><\/p>\t\t\t\t\t\t<\/div>\n\t\t\t\t<\/div>\n\t\t\t\t\t<\/div>\n\t\t\t\t<\/div>\n\t\t\t\t<\/div>\n\t\t","protected":false},"excerpt":{"rendered":"<p>Sport\u00e1gt\u00f6rt\u00e9net T\u00f6rt\u00e9nelem Az els\u0151 junior vil\u00e1gbajnoks\u00e1got 1976 m\u00e1rcius\u00e1ban rendezt\u00e9k meg a franciaorsz\u00e1gi Meg\u00e8ve-ben, \u00e9s eredeti elnevez\u00e9se \u201eISU Junior m\u0171korcsolya bajnoks\u00e1g\u201d. 1977-ben a bajnoks\u00e1got ugyanazon a n\u00e9ven, ugyanazon a helyen ism\u00e9t megrendezt\u00e9k. 1978-ban ezeket a bajnoks\u00e1gokat hivatalosan &#8222;Junior M\u0171korcsolya Vil\u00e1gbajnoks\u00e1gnak&#8221; nevezt\u00e9k el, \u00e9s ism\u00e9t a franciaorsz\u00e1gi Meg\u00e8ve-ben rendezt\u00e9k meg. Az\u00f3ta a helysz\u00edn minden \u00e9vben v\u00e1ltozott. Junior [&hellip;]<\/p>\n","protected":false},"author":1,"featured_media":0,"parent":1990,"menu_order":0,"comment_status":"closed","ping_status":"closed","template":"","meta":{"ocean_post_layout":"","ocean_both_sidebars_style":"","ocean_both_sidebars_content_width":0,"ocean_both_sidebars_sidebars_width":0,"ocean_sidebar":"0","ocean_second_sidebar":"0","ocean_disable_margins":"enable","ocean_add_body_class":"","ocean_shortcode_before_top_bar":"","ocean_shortcode_after_top_bar":"","ocean_shortcode_before_header":"","ocean_shortcode_after_header":"","ocean_has_shortcode":"","ocean_shortcode_after_title":"","ocean_shortcode_before_footer_widgets":"","ocean_shortcode_after_footer_widgets":"","ocean_shortcode_before_footer_bottom":"","ocean_shortcode_after_footer_bottom":"","ocean_display_top_bar":"default","ocean_display_header":"default","ocean_header_style":"","ocean_center_header_left_menu":"0","ocean_custom_header_template":"0","ocean_custom_logo":0,"ocean_custom_retina_logo":0,"ocean_custom_logo_max_width":0,"ocean_custom_logo_tablet_max_width":0,"ocean_custom_logo_mobile_max_width":0,"ocean_custom_logo_max_height":0,"ocean_custom_logo_tablet_max_height":0,"ocean_custom_logo_mobile_max_height":0,"ocean_header_custom_menu":"0","ocean_menu_typo_font_family":"0","ocean_menu_typo_font_subset":"","ocean_menu_typo_font_size":0,"ocean_menu_typo_font_size_tablet":0,"ocean_menu_typo_font_size_mobile":0,"ocean_menu_typo_font_size_unit":"px","ocean_menu_typo_font_weight":"","ocean_menu_typo_font_weight_tablet":"","ocean_menu_typo_font_weight_mobile":"","ocean_menu_typo_transform":"","ocean_menu_typo_transform_tablet":"","ocean_menu_typo_transform_mobile":"","ocean_menu_typo_line_height":0,"ocean_menu_typo_line_height_tablet":0,"ocean_menu_typo_line_height_mobile":0,"ocean_menu_typo_line_height_unit":"","ocean_menu_typo_spacing":0,"ocean_menu_typo_spacing_tablet":0,"ocean_menu_typo_spacing_mobile":0,"ocean_menu_typo_spacing_unit":"","ocean_menu_link_color":"","ocean_menu_link_color_hover":"","ocean_menu_link_color_active":"","ocean_menu_link_background":"","ocean_menu_link_hover_background":"","ocean_menu_link_active_background":"","ocean_menu_social_links_bg":"","ocean_menu_social_hover_links_bg":"","ocean_menu_social_links_color":"","ocean_menu_social_hover_links_color":"","ocean_disable_title":"default","ocean_disable_heading":"default","ocean_post_title":"","ocean_post_subheading":"","ocean_post_title_style":"","ocean_post_title_background_color":"","ocean_post_title_background":0,"ocean_post_title_bg_image_position":"","ocean_post_title_bg_image_attachment":"","ocean_post_title_bg_image_repeat":"","ocean_post_title_bg_image_size":"","ocean_post_title_height":0,"ocean_post_title_bg_overlay":0.5,"ocean_post_title_bg_overlay_color":"","ocean_disable_breadcrumbs":"default","ocean_breadcrumbs_color":"","ocean_breadcrumbs_separator_color":"","ocean_breadcrumbs_links_color":"","ocean_breadcrumbs_links_hover_color":"","ocean_display_footer_widgets":"default","ocean_display_footer_bottom":"default","ocean_custom_footer_template":"0","footnotes":""},"class_list":["post-1994","page","type-page","status-publish","hentry","entry"],"_links":{"self":[{"href":"https:\/\/hunskate.hu\/wjch2025\/hu\/wp-json\/wp\/v2\/pages\/1994","targetHints":{"allow":["GET"]}}],"collection":[{"href":"https:\/\/hunskate.hu\/wjch2025\/hu\/wp-json\/wp\/v2\/pages"}],"about":[{"href":"https:\/\/hunskate.hu\/wjch2025\/hu\/wp-json\/wp\/v2\/types\/page"}],"author":[{"embeddable":true,"href":"https:\/\/hunskate.hu\/wjch2025\/hu\/wp-json\/wp\/v2\/users\/1"}],"replies":[{"embeddable":true,"href":"https:\/\/hunskate.hu\/wjch2025\/hu\/wp-json\/wp\/v2\/comments?post=1994"}],"version-history":[{"count":7,"href":"https:\/\/hunskate.hu\/wjch2025\/hu\/wp-json\/wp\/v2\/pages\/1994\/revisions"}],"predecessor-version":[{"id":3278,"href":"https:\/\/hunskate.hu\/wjch2025\/hu\/wp-json\/wp\/v2\/pages\/1994\/revisions\/3278"}],"up":[{"embeddable":true,"href":"https:\/\/hunskate.hu\/wjch2025\/hu\/wp-json\/wp\/v2\/pages\/1990"}],"wp:attachment":[{"href":"https:\/\/hunskate.hu\/wjch2025\/hu\/wp-json\/wp\/v2\/media?parent=1994"}],"curies":[{"name":"wp","href":"https:\/\/api.w.org\/{rel}","templated":true}]}}