{"id":1988,"date":"2024-08-26T16:55:37","date_gmt":"2024-08-26T14:55:37","guid":{"rendered":"https:\/\/hunskate.hu\/wjch2025\/?page_id=1988"},"modified":"2025-02-26T12:35:29","modified_gmt":"2025-02-26T10:35:29","slug":"versenyprogram","status":"publish","type":"page","link":"https:\/\/hunskate.hu\/wjch2025\/hu\/esemeny\/versenyprogram\/","title":{"rendered":"Versenyprogram"},"content":{"rendered":"\t\t<div data-elementor-type=\"wp-page\" data-elementor-id=\"1988\" class=\"elementor elementor-1988 elementor-739\" data-elementor-post-type=\"page\">\n\t\t\t\t<div class=\"elementor-element elementor-element-49bb300 e-flex e-con-boxed e-con e-parent\" data-id=\"49bb300\" data-element_type=\"container\" data-settings=\"{&quot;background_background&quot;:&quot;classic&quot;}\">\n\t\t\t\t\t<div class=\"e-con-inner\">\n\t\t<div class=\"elementor-element elementor-element-18dcb52 e-con-full e-flex e-con e-child\" data-id=\"18dcb52\" data-element_type=\"container\" data-settings=\"{&quot;background_background&quot;:&quot;gradient&quot;}\">\n\t\t\t\t<div class=\"elementor-element elementor-element-d85ce5f elementor-invisible elementor-widget elementor-widget-text-editor\" data-id=\"d85ce5f\" data-element_type=\"widget\" data-settings=\"{&quot;_animation&quot;:&quot;fadeInLeft&quot;}\" data-widget_type=\"text-editor.default\">\n\t\t\t\t<div class=\"elementor-widget-container\">\n\t\t\t\t\t\t\t<h1>A r\u00e9szletes versenyprogram megtekinthet\u0151 <a href=\"https:\/\/results.isu.org\/results\/season2425\/wjc2025\/\" target=\"_blank\" rel=\"noopener\">itt<\/a><\/h1>\t\t\t\t\t\t<\/div>\n\t\t\t\t<\/div>\n\t\t\t\t<div class=\"elementor-element elementor-element-6988e78 elementor-widget elementor-widget-heading\" data-id=\"6988e78\" data-element_type=\"widget\" data-widget_type=\"heading.default\">\n\t\t\t\t<div class=\"elementor-widget-container\">\n\t\t\t<h2 class=\"elementor-heading-title elementor-size-default\">Program<\/h2>\t\t<\/div>\n\t\t\t\t<\/div>\n\t\t\t\t<div class=\"elementor-element elementor-element-066c6c6 elementor-widget elementor-widget-text-editor\" data-id=\"066c6c6\" data-element_type=\"widget\" data-widget_type=\"text-editor.default\">\n\t\t\t\t<div class=\"elementor-widget-container\">\n\t\t\t\t\t\t\t<table width=\"497\"><tbody><tr><td width=\"240\"><strong>D\u00e1tum<\/strong><\/td><td width=\"78\"><strong>Id\u0151pont<\/strong><\/td><td width=\"179\"><strong>Esem\u00e9ny<\/strong><\/td><\/tr><tr><td width=\"240\">Kedd, 2025. febru\u00e1r 25.<\/td><td width=\"78\">Eg\u00e9sz nap<\/td><td width=\"179\">Hivatalos edz\u00e9s<\/td><\/tr><tr><td rowspan=\"2\" width=\"240\">Szerda, 2025. febru\u00e1r 26.<\/td><td width=\"78\">11:00<\/td><td width=\"179\">F\u00c9RFIAK \u2013 R\u00f6vidprogram<\/td><\/tr><tr><td width=\"78\">17:45<\/td><td width=\"179\">J\u00c9GT\u00c1NC \u2013 Ritmust\u00e1nc<\/td><\/tr><tr><td rowspan=\"3\" width=\"240\">Cs\u00fct\u00f6rt\u00f6k, 2025. febru\u00e1r 27.<\/td><td width=\"78\">11:30<\/td><td width=\"179\">N\u0150K \u2013 R\u00f6vidprogram<\/td><\/tr><tr><td width=\"78\">18:45<\/td><td width=\"179\">J\u00c9GT\u00c1NC \u2013 K\u0171r<\/td><\/tr><tr><td width=\"78\">21:55<\/td><td width=\"179\">J\u00e9gt\u00e1nc Eredm\u00e9nyhirdet\u00e9s<\/td><\/tr><tr><td rowspan=\"4\" width=\"240\">P\u00e9ntek, 2025. febru\u00e1r 28.<\/td><td width=\"78\">13:30<\/td><td width=\"179\">P\u00c1ROS \u2013 R\u00f6vidprogram<\/td><\/tr><tr><td width=\"78\">17:00<\/td><td width=\"179\">On Ice Show<\/td><\/tr><tr><td width=\"78\">18:00<\/td><td width=\"179\">F\u00c9RFIAK \u2013 K\u0171r<\/td><\/tr><tr><td width=\"78\">21:35<\/td><td width=\"179\">F\u00e9rfiak Eredm\u00e9nyhirdet\u00e9s<\/td><\/tr><tr><td rowspan=\"4\" width=\"240\">Szombat, 2025. m\u00e1rcius 1.<\/td><td width=\"78\">13:00<\/td><td width=\"179\">N\u0150K \u2013 K\u0171r<\/td><\/tr><tr><td width=\"78\">16:35<\/td><td width=\"179\">N\u0151k Eredm\u00e9nyhirdet\u00e9s<\/td><\/tr><tr><td width=\"78\">17:15<\/td><td width=\"179\">P\u00c1ROS \u2013 K\u0171r<\/td><\/tr><tr><td width=\"78\">19:53<\/td><td width=\"179\">P\u00e1ros Eredm\u00e9nyhirdet\u00e9s<\/td><\/tr><tr><td>\u00a0<\/td><td>\u00a0<\/td><td>\u00a0<\/td><\/tr><tr><td>A program v\u00e1ltoztat\u00e1si jog\u00e1t fenntartjuk.<\/td><td>\u00a0<\/td><td>\u00a0<\/td><\/tr><\/tbody><\/table>\t\t\t\t\t\t<\/div>\n\t\t\t\t<\/div>\n\t\t\t\t<\/div>\n\t\t\t\t\t<\/div>\n\t\t\t\t<\/div>\n\t\t\t\t<\/div>\n\t\t","protected":false},"excerpt":{"rendered":"<p>A r\u00e9szletes versenyprogram megtekinthet\u0151 itt Program D\u00e1tum Id\u0151pont Esem\u00e9ny Kedd, 2025. febru\u00e1r 25. Eg\u00e9sz nap Hivatalos edz\u00e9s Szerda, 2025. febru\u00e1r 26. 11:00 F\u00c9RFIAK \u2013 R\u00f6vidprogram 17:45 J\u00c9GT\u00c1NC \u2013 Ritmust\u00e1nc Cs\u00fct\u00f6rt\u00f6k, 2025. febru\u00e1r 27. 11:30 N\u0150K \u2013 R\u00f6vidprogram 18:45 J\u00c9GT\u00c1NC \u2013 K\u0171r 21:55 J\u00e9gt\u00e1nc Eredm\u00e9nyhirdet\u00e9s P\u00e9ntek, 2025. febru\u00e1r 28. 13:30 P\u00c1ROS \u2013 R\u00f6vidprogram 17:00 On Ice [&hellip;]<\/p>\n","protected":false},"author":1,"featured_media":0,"parent":1990,"menu_order":0,"comment_status":"closed","ping_status":"closed","template":"elementor_header_footer","meta":{"ocean_post_layout":"","ocean_both_sidebars_style":"","ocean_both_sidebars_content_width":0,"ocean_both_sidebars_sidebars_width":0,"ocean_sidebar":"0","ocean_second_sidebar":"0","ocean_disable_margins":"enable","ocean_add_body_class":"","ocean_shortcode_before_top_bar":"","ocean_shortcode_after_top_bar":"","ocean_shortcode_before_header":"","ocean_shortcode_after_header":"","ocean_has_shortcode":"","ocean_shortcode_after_title":"","ocean_shortcode_before_footer_widgets":"","ocean_shortcode_after_footer_widgets":"","ocean_shortcode_before_footer_bottom":"","ocean_shortcode_after_footer_bottom":"","ocean_display_top_bar":"default","ocean_display_header":"default","ocean_header_style":"","ocean_center_header_left_menu":"0","ocean_custom_header_template":"0","ocean_custom_logo":0,"ocean_custom_retina_logo":0,"ocean_custom_logo_max_width":0,"ocean_custom_logo_tablet_max_width":0,"ocean_custom_logo_mobile_max_width":0,"ocean_custom_logo_max_height":0,"ocean_custom_logo_tablet_max_height":0,"ocean_custom_logo_mobile_max_height":0,"ocean_header_custom_menu":"0","ocean_menu_typo_font_family":"0","ocean_menu_typo_font_subset":"","ocean_menu_typo_font_size":0,"ocean_menu_typo_font_size_tablet":0,"ocean_menu_typo_font_size_mobile":0,"ocean_menu_typo_font_size_unit":"px","ocean_menu_typo_font_weight":"","ocean_menu_typo_font_weight_tablet":"","ocean_menu_typo_font_weight_mobile":"","ocean_menu_typo_transform":"","ocean_menu_typo_transform_tablet":"","ocean_menu_typo_transform_mobile":"","ocean_menu_typo_line_height":0,"ocean_menu_typo_line_height_tablet":0,"ocean_menu_typo_line_height_mobile":0,"ocean_menu_typo_line_height_unit":"","ocean_menu_typo_spacing":0,"ocean_menu_typo_spacing_tablet":0,"ocean_menu_typo_spacing_mobile":0,"ocean_menu_typo_spacing_unit":"","ocean_menu_link_color":"","ocean_menu_link_color_hover":"","ocean_menu_link_color_active":"","ocean_menu_link_background":"","ocean_menu_link_hover_background":"","ocean_menu_link_active_background":"","ocean_menu_social_links_bg":"","ocean_menu_social_hover_links_bg":"","ocean_menu_social_links_color":"","ocean_menu_social_hover_links_color":"","ocean_disable_title":"default","ocean_disable_heading":"default","ocean_post_title":"","ocean_post_subheading":"","ocean_post_title_style":"","ocean_post_title_background_color":"","ocean_post_title_background":0,"ocean_post_title_bg_image_position":"","ocean_post_title_bg_image_attachment":"","ocean_post_title_bg_image_repeat":"","ocean_post_title_bg_image_size":"","ocean_post_title_height":0,"ocean_post_title_bg_overlay":0.5,"ocean_post_title_bg_overlay_color":"","ocean_disable_breadcrumbs":"default","ocean_breadcrumbs_color":"","ocean_breadcrumbs_separator_color":"","ocean_breadcrumbs_links_color":"","ocean_breadcrumbs_links_hover_color":"","ocean_display_footer_widgets":"default","ocean_display_footer_bottom":"default","ocean_custom_footer_template":"0","footnotes":""},"class_list":["post-1988","page","type-page","status-publish","hentry","entry"],"_links":{"self":[{"href":"https:\/\/hunskate.hu\/wjch2025\/hu\/wp-json\/wp\/v2\/pages\/1988","targetHints":{"allow":["GET"]}}],"collection":[{"href":"https:\/\/hunskate.hu\/wjch2025\/hu\/wp-json\/wp\/v2\/pages"}],"about":[{"href":"https:\/\/hunskate.hu\/wjch2025\/hu\/wp-json\/wp\/v2\/types\/page"}],"author":[{"embeddable":true,"href":"https:\/\/hunskate.hu\/wjch2025\/hu\/wp-json\/wp\/v2\/users\/1"}],"replies":[{"embeddable":true,"href":"https:\/\/hunskate.hu\/wjch2025\/hu\/wp-json\/wp\/v2\/comments?post=1988"}],"version-history":[{"count":22,"href":"https:\/\/hunskate.hu\/wjch2025\/hu\/wp-json\/wp\/v2\/pages\/1988\/revisions"}],"predecessor-version":[{"id":4558,"href":"https:\/\/hunskate.hu\/wjch2025\/hu\/wp-json\/wp\/v2\/pages\/1988\/revisions\/4558"}],"up":[{"embeddable":true,"href":"https:\/\/hunskate.hu\/wjch2025\/hu\/wp-json\/wp\/v2\/pages\/1990"}],"wp:attachment":[{"href":"https:\/\/hunskate.hu\/wjch2025\/hu\/wp-json\/wp\/v2\/media?parent=1988"}],"curies":[{"name":"wp","href":"https:\/\/api.w.org\/{rel}","templated":true}]}}