{"id":1982,"date":"2024-08-27T05:12:52","date_gmt":"2024-08-27T03:12:52","guid":{"rendered":"https:\/\/hunskate.hu\/wjch2025\/?page_id=1982"},"modified":"2024-09-10T12:24:35","modified_gmt":"2024-09-10T10:24:35","slug":"hasznos-informaciok","status":"publish","type":"page","link":"https:\/\/hunskate.hu\/wjch2025\/hu\/helyszin\/hasznos-informaciok\/","title":{"rendered":"Hasznos inform\u00e1ci\u00f3k"},"content":{"rendered":"\t\t<div data-elementor-type=\"wp-page\" data-elementor-id=\"1982\" class=\"elementor elementor-1982 elementor-1453\" data-elementor-post-type=\"page\">\n\t\t\t\t<div class=\"elementor-element elementor-element-433755d e-flex e-con-boxed e-con e-parent\" data-id=\"433755d\" data-element_type=\"container\">\n\t\t\t\t\t<div class=\"e-con-inner\">\n\t\t\t\t<div class=\"elementor-element elementor-element-4c5caca elementor-widget elementor-widget-heading\" data-id=\"4c5caca\" data-element_type=\"widget\" data-widget_type=\"heading.default\">\n\t\t\t\t<div class=\"elementor-widget-container\">\n\t\t\t<h2 class=\"elementor-heading-title elementor-size-default\">Hasznos inform\u00e1ci\u00f3k<\/h2>\t\t<\/div>\n\t\t\t\t<\/div>\n\t\t\t\t<div class=\"elementor-element elementor-element-d33a829 elementor-widget elementor-widget-text-editor\" data-id=\"d33a829\" data-element_type=\"widget\" data-widget_type=\"text-editor.default\">\n\t\t\t\t<div class=\"elementor-widget-container\">\n\t\t\t\t\t\t\t<p><strong>Utaz\u00e1s- megk\u00f6zel\u00edt\u00e9s <\/strong><\/p><p><em><u>A Budapest Liszt Ferenc Nemzetk\u00f6zi rep\u00fcl\u0151t\u00e9rre<\/u><\/em> \u00e9rkezve t\u00f6bb m\u00f3don is megk\u00f6zel\u00edthet\u0151 Debrecen v\u00e1rosa:<\/p><ol><li>Vonat: A rept\u00e9rr\u0151l busszal (100E \/ 200E) vagy taxival menj a Nyugati vagy Keleti P\u00e1lyaudvarra, ahonnan k\u00f6zvetlen vonatok indulnak Debrecenbe. AZ utaz\u00e1s k\u00f6r\u00fclbel\u00fcl 2,5-3 \u00f3r\u00e1t vesz ig\u00e9nybe.<\/li><li>Busz: A rept\u00e9rr\u0151l busszal (100E \/ 200E) vagy taxival menj a N\u00e9pliget buszp\u00e1lyaudvarra, ahonnan k\u00f6zvetlen t\u00e1vols\u00e1gi buszok indulnak Debrecenbe. Az utaz\u00e1s k\u00f6r\u00fclbel\u00fcl 3-3,5 \u00f3r\u00e1t vesz ig\u00e9nybe.<\/li><li>Aut\u00f3b\u00e9rl\u00e9s: A rept\u00e9ren t\u00f6bb aut\u00f3b\u00e9rl\u00e9si lehet\u0151s\u00e9g is rendelkez\u00e9sre \u00e1ll, ahonnan az M3-as aut\u00f3p\u00e1ly\u00e1n haladva k\u00f6r\u00fclbel\u00fcl 2,5 \u00f3ra alatt \u00e9rkezhetsz Debrecenbe.<\/li><\/ol><p><em><u>T\u00f6megk\u00f6zleked\u00e9s Debrecenben <\/u><\/em><\/p><p>A v\u00e1rosban t\u00f6rt\u00e9n\u0151 t\u00f6megk\u00f6zleked\u00e9s\u00e9rt a DKV Zrt. felel, melynek j\u00f3volt\u00e1b\u00f3l s\u0171r\u0171n k\u00f6zlekednek aut\u00f3buszok, villamosok \u00e9s trolik a v\u00e1ros eg\u00e9sz ter\u00fclet\u00e9n. Az utaz\u00e1sra jogos\u00edt\u00f3 jegyeket vagy b\u00e9rleteket beszerezheted a vonat\u00e1llom\u00e1son, jegyautomat\u00e1kb\u00f3l, a Mobiljegy appon \u00e9s online is beszerezheted. Tov\u00e1bbi inform\u00e1ci\u00f3k\u00e9rt kattints a <a href=\"http:\/\/www.dkv.hu\">www.dkv.hu<\/a> weboldalra.<\/p><p><em><u>Taxi: <\/u><\/em><\/p><p>City Taxi Debrecen +36-52-555-555<br \/>F\u0151nix Intertaxi +36-52-444-444<\/p><p><em><u>Bolt: <br \/><\/u><\/em>\u00a0<a href=\"https:\/\/bolt.eu\/en\/support\/articles\/115003024753\/\">https:\/\/bolt.eu\/en\/support\/articles\/115003024753\/<\/a><\/p><p>Debrecenben is el\u00e9rhet\u0151 a Bolt szolg\u00e1ltat\u00e1sa, ehhez csak az applik\u00e1ci\u00f3t kell let\u00f6lteni (iOS \u00e9s Android rendszeren egyar\u00e1nt m\u0171k\u00f6dik), majd megadni a c\u00edmeket \u00e9s m\u00e1r \u00e9rkezik is a sof\u0151r.<\/p><p><strong>Jegy\u00e9rt\u00e9kes\u00edt\u00e9s <\/strong><\/p><p>A jegy\u00e9rt\u00e9kes\u00edt\u0151 fel\u00fclet v\u00e1rhat\u00f3an okt\u00f3ber elej\u00e9n ny\u00edlik meg a k\u00f6z\u00f6ns\u00e9g sz\u00e1m\u00e1ra. A tervezett jegykateg\u00f3ri\u00e1k gyerek, tanul\u00f3, feln\u0151tt, nyugd\u00edjas \u00e9s csal\u00e1d.<\/p><p><strong>Eg\u00e9szs\u00e9g\u00fcgy <\/strong><\/p><p>V\u00e9szhelyzet eset\u00e9n (ment\u0151, t\u0171zolt\u00f3, rend\u0151rs\u00e9g) h\u00edvja a 112 seg\u00e9lyh\u00edv\u00f3sz\u00e1mot. <br \/>Magyarorsz\u00e1gon a k\u00fclf\u00f6ldi \u00e1llampolg\u00e1rok sz\u00e1m\u00e1ra az orvosi ell\u00e1t\u00e1s csak \u00e9rv\u00e9nyes baleset- \u00e9s eg\u00e9szs\u00e9gbiztos\u00edt\u00e1s megl\u00e9te eset\u00e9n \u00e9rhet\u0151 el. Az Eur\u00f3pai Uni\u00f3 lakosainak javasolt, hogy utaz\u00e1s el\u0151tt v\u00e1lts\u00e1k ki az Eur\u00f3pai Eg\u00e9szs\u00e9gbiztos\u00edt\u00e1si K\u00e1rty\u00e1t nemzeti eg\u00e9szs\u00e9gbiztos\u00edt\u00f3jukt\u00f3l. Az Eur\u00f3pia Uni\u00f3n k\u00edv\u00fclr\u0151l \u00e9rkez\u0151k eset\u00e9ben pedig k\u00e9rj\u00fck utaz\u00e1s el\u0151tt fokozott figyelemmel ellen\u0151rizze biztos\u00edt\u00e1si k\u00f6tv\u00e9ny\u00e9t \u00e9s az el\u00e9rhet\u0151 lehet\u0151s\u00e9geket.<\/p><p><strong>V\u00e1s\u00e1rl\u00e1si lehet\u0151s\u00e9gek \u00e9s nyitvatart\u00e1si \u00f3r\u00e1k <\/strong><\/p><p>Az \u00fczletek \u00e1ltal\u00e1nos nyitvatart\u00e1si ideje:<\/p><ul><li>h\u00e9tf\u0151 &#8211; p\u00e9ntek: 07:00 &#8211; 21:00<\/li><li>szombat &#8211; vas\u00e1rnap: 08:00 \u2013 18:00 (a kisebb helyi \u00fczletek vas\u00e1rnap z\u00e1rva tartanak)<\/li><\/ul><p>A v\u00e1rosban tal\u00e1lhat\u00f3 bev\u00e1s\u00e1rl\u00f3k\u00f6zpontok: Debrecen Plaza, F\u00f3rum<\/p><ul><li>h\u00e9tf\u0151 &#8211; szombat: 09:00 \u2013 21:00<\/li><li>vas\u00e1rnap: 10:00 \u2013 18:00 (A Plaza 19:00-kor z\u00e1r)<\/li><\/ul><p>\u00a0<\/p><p><strong>VisitDebrecen- Turistainform\u00e1ci\u00f3s pont <\/strong><\/p><p>C\u00edm: 20 Piac u., H-4024 Debrecen <br \/>Telefon: +36-20-450-0506<br \/>Nyitvatart\u00e1s:<\/p><ul><li>H\u00e9tf\u0151-P\u00e9ntek: 08:30 \u2013 17:30<\/li><li>Szombat: 09:00 \u2013 13:00<\/li><\/ul><p><a name=\"_Toc175670140\"><\/a><strong>\u00a0<\/strong><\/p><p><strong>Id\u0151 Z\u00f3na <\/strong><\/p><p>K\u00f6z\u00e9p-eur\u00f3pai id\u0151: (CET) (UTC +1)<\/p><p><a name=\"_Toc175670141\"><\/a><strong>\u00a0<\/strong><\/p><p><strong>Elektromos \u00e1ram specifik\u00e1ci\u00f3k <\/strong><\/p><p>Magyarorsz\u00e1gon jelenleg a h\u00e1l\u00f3zati fesz\u00fclts\u00e9g 220V (230V), 50Hz. Az eur\u00f3pai szabv\u00e1nynak megfelel\u0151 k\u00e9tp\u00f3lus\u00fa dugaszol\u00f3 rendszer van haszn\u00e1latban.<\/p><p><a name=\"_Toc175670142\"><\/a><strong>\u00a0<\/strong><\/p><p><strong>Id\u0151j\u00e1r\u00e1s <\/strong><\/p><p>A verseny ideje alatt t\u00e9lies id\u0151j\u00e1r\u00e1s v\u00e1rhat\u00f3, de a kora tavaszi napok sem z\u00e1rhat\u00f3ak ki teljesen. A h\u0151m\u00e9rs\u00e9klet febru\u00e1r v\u00e9g\u00e9n \u00e9s m\u00e1rcius elej\u00e9n -2 \u00b0C \u00e9s 8 \u00b0C k\u00f6z\u00f6tt v\u00e1ltozhat, de a havaz\u00e1s sem meglep\u0151 ebben az id\u0151szakban.\u00a0<\/p><p>\u00a0<\/p><p>\u00a0<\/p><p><strong>Fizet\u0151eszk\u00f6z\u00f6k<\/strong><\/p><p>A helyi fizet\u0151eszk\u00f6z a magyar forint (HUF), a k\u00fclf\u00f6ldi valut\u00e1k bankokban \u00e9s hivatalos p\u00e9nzv\u00e1lt\u00f3 irod\u00e1kban v\u00e1lthat\u00f3k \u00e1t, m\u00edg egyes hotelek \u00e9s boltok eur\u00f3t is elfogadhatnak.<\/p><p>A bankok h\u00e9tk\u00f6znaponk\u00e9nt 08:00-t\u00f3l 16:00-ig tartanak nyitva, h\u00e9tv\u00e9g\u00e9n z\u00e1rva tartanak, azonban sz\u00e1mos ATM \u00e1ll rendelkez\u00e9sre a v\u00e1ros teljes ter\u00fclet\u00e9n, szinte minden bankn\u00e1l \u00e9s a bev\u00e1s\u00e1rl\u00f3k\u00f6zpontokban, amelyek a nap 24 \u00f3r\u00e1j\u00e1ban \u00fczemelnek. A legt\u00f6bb hotel, bolt, \u00e9tterem \u00e9s taxi elfogadja a VISA \u00e9s a Master Card k\u00e1rty\u00e1kat. Az American Express k\u00e1rty\u00e1kat azonban nem mindenhol fogadj\u00e1k el.<\/p><p><a name=\"_Toc175670145\"><\/a><strong>\u00a0<\/strong><\/p><p><strong>Telefon\u00e1l\u00e1si \u00fatmutat\u00f3 <\/strong><\/p><p>orsz\u00e1gk\u00f3d: +36<\/p><p>seg\u00e9lyh\u00edv\u00f3sz\u00e1m: 112 (Egyszer\u0171en csak t\u00e1rcs\u00e1zza a 112-t- nincs sz\u00fcks\u00e9g az orsz\u00e1gk\u00f3dra- \u00e9s nyomja meg a h\u00edv\u00e1s gombot.)<\/p><p><strong>\u00a0<\/strong><\/p><p><strong>\u00d6nk\u00e9ntesek <\/strong><\/p><p>A szervez\u0151bizotts\u00e1g szorosan egy\u00fcttm\u0171k\u00f6dik a Debreceni Egyetemmel \u00e9s a magyar korcsoly\u00e1z\u00f3 klubokkal annak \u00e9rdek\u00e9ben, hogy egy sikeres rendezv\u00e9nyt hozzunk egy\u00fctt l\u00e9tre. Ugyanakkor v\u00e1rjuk tov\u00e1bbi lelkes \u00f6nk\u00e9ntesek jelentkez\u00e9s\u00e9t is, melyet megtehetnek a honlapunkon el\u00e9rhet\u0151 jelentkez\u00e9si lap kit\u00f6lt\u00e9s\u00e9vel.<\/p><p>\u00a0<\/p><p><strong>Fentarthat\u00f3s\u00e1g <\/strong><\/p><p>A hullad\u00e9k cs\u00f6kkent\u00e9se \u00e9rdek\u00e9ben Magyarorsz\u00e1g bevezette a \u201eRepont\u201d visszav\u00e1lt\u00e1si rendszert, amely lehet\u0151v\u00e9 teszi a m\u0171anyag, f\u00e9m vagy \u00fcveg palackok visszav\u00e1lt\u00e1s\u00e1t automat\u00e1kon kereszt\u00fcl, ahol darabonk\u00e9nt 50 forintot kap a v\u00e1s\u00e1rl\u00f3, amit bev\u00e1lthat utalv\u00e1nyk\u00e9nt egy \u00e9lelmiszerboltban, vagy j\u00f3t\u00e9konys\u00e1gi c\u00e9lra adom\u00e1nyozhat. Az \u00edgy \u00f6sszegy\u0171jt\u00f6tt palackokat \u00fajrahasznos\u00edt\u00f3 \u00fczemekbe sz\u00e1ll\u00edtj\u00e1k, ahol \u00faj csomagol\u00e1sok k\u00e9sz\u00edt\u00e9s\u00e9hez haszn\u00e1lj\u00e1k fel \u0151ket. Az automat\u00e1k hely\u00e9t az al\u00e1bbi linken tal\u00e1lhatja meg: <a href=\"https:\/\/repont.hu\/en\/return-point-finder\">https:\/\/repont.hu\/en\/return-point-finder<\/a>. It is strongly recommended that you use these machines to get rid of your bottles.<\/p><p>\u00a0<\/p><p>\u00a0<\/p><p>\u00a0<\/p><p>\u00a0<\/p><p><strong>Online platformok <\/strong><\/p><p>Website: <a href=\"http:\/\/hunskate.hu\/wjch2025\">http:\/\/hunskate.hu\/wjch2025<\/a><\/p><p>Facebook: ISU World Junior Figure Skating Championships- Debrecen 2025<\/p><p>Instagram: WJCH_debrecen2025<\/p>\t\t\t\t\t\t<\/div>\n\t\t\t\t<\/div>\n\t\t\t\t\t<\/div>\n\t\t\t\t<\/div>\n\t\t\t\t<\/div>\n\t\t","protected":false},"excerpt":{"rendered":"<p>Hasznos inform\u00e1ci\u00f3k Utaz\u00e1s- megk\u00f6zel\u00edt\u00e9s A Budapest Liszt Ferenc Nemzetk\u00f6zi rep\u00fcl\u0151t\u00e9rre \u00e9rkezve t\u00f6bb m\u00f3don is megk\u00f6zel\u00edthet\u0151 Debrecen v\u00e1rosa: Vonat: A rept\u00e9rr\u0151l busszal (100E \/ 200E) vagy taxival menj a Nyugati vagy Keleti P\u00e1lyaudvarra, ahonnan k\u00f6zvetlen vonatok indulnak Debrecenbe. AZ utaz\u00e1s k\u00f6r\u00fclbel\u00fcl 2,5-3 \u00f3r\u00e1t vesz ig\u00e9nybe. Busz: A rept\u00e9rr\u0151l busszal (100E \/ 200E) vagy taxival menj a [&hellip;]<\/p>\n","protected":false},"author":1,"featured_media":0,"parent":1958,"menu_order":0,"comment_status":"closed","ping_status":"closed","template":"","meta":{"ocean_post_layout":"full-width","ocean_both_sidebars_style":"","ocean_both_sidebars_content_width":0,"ocean_both_sidebars_sidebars_width":0,"ocean_sidebar":"0","ocean_second_sidebar":"0","ocean_disable_margins":"enable","ocean_add_body_class":"","ocean_shortcode_before_top_bar":"","ocean_shortcode_after_top_bar":"","ocean_shortcode_before_header":"","ocean_shortcode_after_header":"","ocean_has_shortcode":"","ocean_shortcode_after_title":"","ocean_shortcode_before_footer_widgets":"","ocean_shortcode_after_footer_widgets":"","ocean_shortcode_before_footer_bottom":"","ocean_shortcode_after_footer_bottom":"","ocean_display_top_bar":"default","ocean_display_header":"default","ocean_header_style":"","ocean_center_header_left_menu":"0","ocean_custom_header_template":"0","ocean_custom_logo":0,"ocean_custom_retina_logo":0,"ocean_custom_logo_max_width":0,"ocean_custom_logo_tablet_max_width":0,"ocean_custom_logo_mobile_max_width":0,"ocean_custom_logo_max_height":0,"ocean_custom_logo_tablet_max_height":0,"ocean_custom_logo_mobile_max_height":0,"ocean_header_custom_menu":"0","ocean_menu_typo_font_family":"0","ocean_menu_typo_font_subset":"","ocean_menu_typo_font_size":0,"ocean_menu_typo_font_size_tablet":0,"ocean_menu_typo_font_size_mobile":0,"ocean_menu_typo_font_size_unit":"px","ocean_menu_typo_font_weight":"","ocean_menu_typo_font_weight_tablet":"","ocean_menu_typo_font_weight_mobile":"","ocean_menu_typo_transform":"","ocean_menu_typo_transform_tablet":"","ocean_menu_typo_transform_mobile":"","ocean_menu_typo_line_height":0,"ocean_menu_typo_line_height_tablet":0,"ocean_menu_typo_line_height_mobile":0,"ocean_menu_typo_line_height_unit":"","ocean_menu_typo_spacing":0,"ocean_menu_typo_spacing_tablet":0,"ocean_menu_typo_spacing_mobile":0,"ocean_menu_typo_spacing_unit":"","ocean_menu_link_color":"","ocean_menu_link_color_hover":"","ocean_menu_link_color_active":"","ocean_menu_link_background":"","ocean_menu_link_hover_background":"","ocean_menu_link_active_background":"","ocean_menu_social_links_bg":"","ocean_menu_social_hover_links_bg":"","ocean_menu_social_links_color":"","ocean_menu_social_hover_links_color":"","ocean_disable_title":"default","ocean_disable_heading":"default","ocean_post_title":"","ocean_post_subheading":"","ocean_post_title_style":"","ocean_post_title_background_color":"","ocean_post_title_background":0,"ocean_post_title_bg_image_position":"","ocean_post_title_bg_image_attachment":"","ocean_post_title_bg_image_repeat":"","ocean_post_title_bg_image_size":"","ocean_post_title_height":0,"ocean_post_title_bg_overlay":0.5,"ocean_post_title_bg_overlay_color":"","ocean_disable_breadcrumbs":"default","ocean_breadcrumbs_color":"","ocean_breadcrumbs_separator_color":"","ocean_breadcrumbs_links_color":"","ocean_breadcrumbs_links_hover_color":"","ocean_display_footer_widgets":"default","ocean_display_footer_bottom":"default","ocean_custom_footer_template":"2866","footnotes":""},"class_list":["post-1982","page","type-page","status-publish","hentry","entry"],"_links":{"self":[{"href":"https:\/\/hunskate.hu\/wjch2025\/hu\/wp-json\/wp\/v2\/pages\/1982","targetHints":{"allow":["GET"]}}],"collection":[{"href":"https:\/\/hunskate.hu\/wjch2025\/hu\/wp-json\/wp\/v2\/pages"}],"about":[{"href":"https:\/\/hunskate.hu\/wjch2025\/hu\/wp-json\/wp\/v2\/types\/page"}],"author":[{"embeddable":true,"href":"https:\/\/hunskate.hu\/wjch2025\/hu\/wp-json\/wp\/v2\/users\/1"}],"replies":[{"embeddable":true,"href":"https:\/\/hunskate.hu\/wjch2025\/hu\/wp-json\/wp\/v2\/comments?post=1982"}],"version-history":[{"count":9,"href":"https:\/\/hunskate.hu\/wjch2025\/hu\/wp-json\/wp\/v2\/pages\/1982\/revisions"}],"predecessor-version":[{"id":2868,"href":"https:\/\/hunskate.hu\/wjch2025\/hu\/wp-json\/wp\/v2\/pages\/1982\/revisions\/2868"}],"up":[{"embeddable":true,"href":"https:\/\/hunskate.hu\/wjch2025\/hu\/wp-json\/wp\/v2\/pages\/1958"}],"wp:attachment":[{"href":"https:\/\/hunskate.hu\/wjch2025\/hu\/wp-json\/wp\/v2\/media?parent=1982"}],"curies":[{"name":"wp","href":"https:\/\/api.w.org\/{rel}","templated":true}]}}