{"id":1980,"date":"2024-09-05T18:37:35","date_gmt":"2024-09-05T16:37:35","guid":{"rendered":"https:\/\/hunskate.hu\/wjch2025\/?page_id=1980"},"modified":"2024-09-10T14:57:39","modified_gmt":"2024-09-10T12:57:39","slug":"helyszinek","status":"publish","type":"page","link":"https:\/\/hunskate.hu\/wjch2025\/hu\/helyszin\/helyszinek\/","title":{"rendered":"Helysz\u00ednek"},"content":{"rendered":"\t\t<div data-elementor-type=\"wp-page\" data-elementor-id=\"1980\" class=\"elementor elementor-1980 elementor-1960\" data-elementor-post-type=\"page\">\n\t\t\t\t<div class=\"elementor-element elementor-element-6da7023 e-flex e-con-boxed e-con e-parent\" data-id=\"6da7023\" data-element_type=\"container\">\n\t\t\t\t\t<div class=\"e-con-inner\">\n\t\t\t\t<div class=\"elementor-element elementor-element-d550c2b elementor-widget elementor-widget-heading\" data-id=\"d550c2b\" data-element_type=\"widget\" data-widget_type=\"heading.default\">\n\t\t\t\t<div class=\"elementor-widget-container\">\n\t\t\t<h2 class=\"elementor-heading-title elementor-size-default\">Helysz\u00ednek<\/h2>\t\t<\/div>\n\t\t\t\t<\/div>\n\t\t\t\t<div class=\"elementor-element elementor-element-08999d6 elementor-widget elementor-widget-text-editor\" data-id=\"08999d6\" data-element_type=\"widget\" data-widget_type=\"text-editor.default\">\n\t\t\t\t<div class=\"elementor-widget-container\">\n\t\t\t\t\t\t\t<p>A verseny helysz\u00edne: <u>F\u0151nix Arena <\/u><\/p><p>A verseny helysz\u00edne a Debrecen k\u00f6zpontj\u00e1ban elhelyezked\u0151 F\u0151nix Ar\u00e9na. A l\u00e9tes\u00edtm\u00e9ny m\u00e1r sz\u00e1mos nagysiker\u0171 ISU vil\u00e1gesem\u00e9nynek adott otthont, k\u00f6zt\u00fck a 2016. \u00e9vi ISU M\u0171korcsolya \u00e9s J\u00e9gt\u00e1nc Junior Vil\u00e1gbajnoks\u00e1gnak. Az \u00e9vek sor\u00e1n ugyanakkor nagy\u00edv\u0171 fel\u00faj\u00edt\u00e1son esett \u00e1t, \u00edgy m\u00e1r nem csarnokk\u00e9nt, hanem ar\u00e9nak\u00e9nt v\u00e1rja a korcsolyacsal\u00e1d \u00e9s a lelkes k\u00f6z\u00f6ns\u00e9g tagjait.<\/p><p>A F\u0151nix Ar\u00e9na c\u00edme: 4028 Debrecen, Kassai \u00fat 28.<\/p><p><img decoding=\"async\" class=\"size-medium wp-image-2824 aligncenter\" src=\"https:\/\/hunskate.hu\/wjch2025\/wp-content\/uploads\/2024\/09\/fonix_arena-300x131.png\" alt=\"\" width=\"300\" height=\"131\" srcset=\"https:\/\/hunskate.hu\/wjch2025\/wp-content\/uploads\/2024\/09\/fonix_arena-300x131.png 300w, https:\/\/hunskate.hu\/wjch2025\/wp-content\/uploads\/2024\/09\/fonix_arena-1024x447.png 1024w, https:\/\/hunskate.hu\/wjch2025\/wp-content\/uploads\/2024\/09\/fonix_arena-768x335.png 768w, https:\/\/hunskate.hu\/wjch2025\/wp-content\/uploads\/2024\/09\/fonix_arena-1536x670.png 1536w, https:\/\/hunskate.hu\/wjch2025\/wp-content\/uploads\/2024\/09\/fonix_arena.png 1889w\" sizes=\"(max-width: 300px) 100vw, 300px\" \/><\/p><p>Az edz\u00e9sek helysz\u00edne:<\/p><p>A F\u0151nix Ar\u00e9na mellett, a Debreceni J\u00e9gcsarnok II. l\u00e9tes\u00edtm\u00e9nye is t\u00e1rt kapukkal v\u00e1rja a junior kiv\u00e1l\u00f3s\u00e1gokat, ugyanis a hivatalos edz\u00e9sek itt ker\u00fclnek lebonyol\u00edt\u00e1sra. A II. l\u00e9tes\u00edtm\u00e9ny bej\u00e1rata a J\u00e9gcsarnok \u00e9s a Lidl k\u00f6zti kis \u00fatszakaszr\u00f3l \u00e9rhet\u0151 el, a Der\u00e9k utc\u00e1n bekanyarodva.<\/p><p>A Debreceni J\u00e9gcsarnok c\u00edme: 4031 Debrecen, Der\u00e9k utca 33.<\/p><p><img decoding=\"async\" class=\"size-medium wp-image-2822 aligncenter\" src=\"https:\/\/hunskate.hu\/wjch2025\/wp-content\/uploads\/2024\/09\/debreceni_sportcentrum-300x83.png\" alt=\"\" width=\"300\" height=\"83\" srcset=\"https:\/\/hunskate.hu\/wjch2025\/wp-content\/uploads\/2024\/09\/debreceni_sportcentrum-300x83.png 300w, https:\/\/hunskate.hu\/wjch2025\/wp-content\/uploads\/2024\/09\/debreceni_sportcentrum-1024x285.png 1024w, https:\/\/hunskate.hu\/wjch2025\/wp-content\/uploads\/2024\/09\/debreceni_sportcentrum-768x213.png 768w, https:\/\/hunskate.hu\/wjch2025\/wp-content\/uploads\/2024\/09\/debreceni_sportcentrum-1536x427.png 1536w, https:\/\/hunskate.hu\/wjch2025\/wp-content\/uploads\/2024\/09\/debreceni_sportcentrum-2048x569.png 2048w\" sizes=\"(max-width: 300px) 100vw, 300px\" \/><\/p><p><u>Megk\u00f6zel\u00edt\u00e9s <\/u><\/p><p>Budapestr\u0151l Debrecenbe<\/p><p>Aut\u00f3val \u00e9s vonattal hozz\u00e1vet\u0151legesen 2,5 \u00f3ra alatt lehet el\u00e9rni Budapestr\u0151l Debrecenbe (az aut\u00f3s k\u00f6zleked\u00e9s nagyban f\u00fcgg az aktu\u00e1lis forgalomt\u00f3l). Aut\u00f3val az M3 \u00e9s M35 aut\u00f3p\u00e1ly\u00e1kon a legegyszer\u0171bb a megk\u00f6zel\u00edt\u00e9s, m\u00edg vonat eset\u00e9n a Keleti \u00e9s Nyugati p\u00e1lyaudvarok j\u00f6hetnek sz\u00f3ba.<\/p><p>T\u00f6megk\u00f6zleked\u00e9s a v\u00e1roson bel\u00fcl<\/p><p>A helyi k\u00f6zleked\u00e9s sor\u00e1n buszok, trolibuszok \u00e9s villamosok seg\u00edts\u00e9g\u00e9vel juthatunk el a v\u00e1ros k\u00fcl\u00f6nb\u00f6z\u0151 pontjaira, k\u00f6zt\u00fck a F\u0151nix Ar\u00e9n\u00e1ba. A j\u00e1ratokra automat\u00e1kban, a vas\u00fat\u00e1llom\u00e1son, f\u0151bb csom\u00f3pontokon, valamint online \u00e9s a Mobiljegy applik\u00e1ci\u00f3 seg\u00edts\u00e9g\u00e9vel lehet jegyet v\u00e1s\u00e1rolni.<\/p><p>Tov\u00e1bbi inform\u00e1ci\u00f3k a jegyekre vonatkoz\u00f3an a <a href=\"http:\/\/www.dkv.hu\">www.dkv.hu<\/a> oldalon \u00e9rhet\u0151k el.<\/p><p>Taxi<\/p><p>Helyi taxi szolg\u00e1ltat\u00e1s el\u00e9rhet\u0151 az al\u00e1bbi c\u00e9gek \u00e1ltal:<\/p><p>\u00a0\u00a0\u00a0\u00a0\u00a0 City Taxi Debrecen: +36-52-555-555<\/p><p>\u00a0\u00a0\u00a0\u00a0\u00a0 F\u0150NIX Intertaxi: +36-52-444-444<\/p><p>\u00a0\u00a0\u00a0\u00a0\u00a0 BOLT: Debrecenben is el\u00e9rhet\u0151 a BOLT szolg\u00e1ltat\u00e1sa, haszn\u00e1lat\u00e1hoz az applik\u00e1ci\u00f3t kell let\u00f6lteni (iOS \u00e9s Android rendszeren egyar\u00e1nt m\u0171k\u00f6dik), majd megadni a c\u00edmeket \u00e9s m\u00e1r \u00e9rkezik is a sof\u0151r.<\/p>\t\t\t\t\t\t<\/div>\n\t\t\t\t<\/div>\n\t\t\t\t\t<\/div>\n\t\t\t\t<\/div>\n\t\t\t\t<\/div>\n\t\t","protected":false},"excerpt":{"rendered":"<p>Helysz\u00ednek A verseny helysz\u00edne: F\u0151nix Arena A verseny helysz\u00edne a Debrecen k\u00f6zpontj\u00e1ban elhelyezked\u0151 F\u0151nix Ar\u00e9na. A l\u00e9tes\u00edtm\u00e9ny m\u00e1r sz\u00e1mos nagysiker\u0171 ISU vil\u00e1gesem\u00e9nynek adott otthont, k\u00f6zt\u00fck a 2016. \u00e9vi ISU M\u0171korcsolya \u00e9s J\u00e9gt\u00e1nc Junior Vil\u00e1gbajnoks\u00e1gnak. Az \u00e9vek sor\u00e1n ugyanakkor nagy\u00edv\u0171 fel\u00faj\u00edt\u00e1son esett \u00e1t, \u00edgy m\u00e1r nem csarnokk\u00e9nt, hanem ar\u00e9nak\u00e9nt v\u00e1rja a korcsolyacsal\u00e1d \u00e9s a lelkes k\u00f6z\u00f6ns\u00e9g [&hellip;]<\/p>\n","protected":false},"author":1,"featured_media":0,"parent":1958,"menu_order":0,"comment_status":"closed","ping_status":"closed","template":"","meta":{"ocean_post_layout":"","ocean_both_sidebars_style":"","ocean_both_sidebars_content_width":0,"ocean_both_sidebars_sidebars_width":0,"ocean_sidebar":"0","ocean_second_sidebar":"0","ocean_disable_margins":"enable","ocean_add_body_class":"","ocean_shortcode_before_top_bar":"","ocean_shortcode_after_top_bar":"","ocean_shortcode_before_header":"","ocean_shortcode_after_header":"","ocean_has_shortcode":"","ocean_shortcode_after_title":"","ocean_shortcode_before_footer_widgets":"","ocean_shortcode_after_footer_widgets":"","ocean_shortcode_before_footer_bottom":"","ocean_shortcode_after_footer_bottom":"","ocean_display_top_bar":"default","ocean_display_header":"default","ocean_header_style":"","ocean_center_header_left_menu":"0","ocean_custom_header_template":"0","ocean_custom_logo":0,"ocean_custom_retina_logo":0,"ocean_custom_logo_max_width":0,"ocean_custom_logo_tablet_max_width":0,"ocean_custom_logo_mobile_max_width":0,"ocean_custom_logo_max_height":0,"ocean_custom_logo_tablet_max_height":0,"ocean_custom_logo_mobile_max_height":0,"ocean_header_custom_menu":"0","ocean_menu_typo_font_family":"0","ocean_menu_typo_font_subset":"","ocean_menu_typo_font_size":0,"ocean_menu_typo_font_size_tablet":0,"ocean_menu_typo_font_size_mobile":0,"ocean_menu_typo_font_size_unit":"px","ocean_menu_typo_font_weight":"","ocean_menu_typo_font_weight_tablet":"","ocean_menu_typo_font_weight_mobile":"","ocean_menu_typo_transform":"","ocean_menu_typo_transform_tablet":"","ocean_menu_typo_transform_mobile":"","ocean_menu_typo_line_height":0,"ocean_menu_typo_line_height_tablet":0,"ocean_menu_typo_line_height_mobile":0,"ocean_menu_typo_line_height_unit":"","ocean_menu_typo_spacing":0,"ocean_menu_typo_spacing_tablet":0,"ocean_menu_typo_spacing_mobile":0,"ocean_menu_typo_spacing_unit":"","ocean_menu_link_color":"","ocean_menu_link_color_hover":"","ocean_menu_link_color_active":"","ocean_menu_link_background":"","ocean_menu_link_hover_background":"","ocean_menu_link_active_background":"","ocean_menu_social_links_bg":"","ocean_menu_social_hover_links_bg":"","ocean_menu_social_links_color":"","ocean_menu_social_hover_links_color":"","ocean_disable_title":"default","ocean_disable_heading":"default","ocean_post_title":"","ocean_post_subheading":"","ocean_post_title_style":"","ocean_post_title_background_color":"","ocean_post_title_background":0,"ocean_post_title_bg_image_position":"","ocean_post_title_bg_image_attachment":"","ocean_post_title_bg_image_repeat":"","ocean_post_title_bg_image_size":"","ocean_post_title_height":0,"ocean_post_title_bg_overlay":0.5,"ocean_post_title_bg_overlay_color":"","ocean_disable_breadcrumbs":"default","ocean_breadcrumbs_color":"","ocean_breadcrumbs_separator_color":"","ocean_breadcrumbs_links_color":"","ocean_breadcrumbs_links_hover_color":"","ocean_display_footer_widgets":"default","ocean_display_footer_bottom":"default","ocean_custom_footer_template":"0","footnotes":""},"class_list":["post-1980","page","type-page","status-publish","hentry","entry"],"_links":{"self":[{"href":"https:\/\/hunskate.hu\/wjch2025\/hu\/wp-json\/wp\/v2\/pages\/1980","targetHints":{"allow":["GET"]}}],"collection":[{"href":"https:\/\/hunskate.hu\/wjch2025\/hu\/wp-json\/wp\/v2\/pages"}],"about":[{"href":"https:\/\/hunskate.hu\/wjch2025\/hu\/wp-json\/wp\/v2\/types\/page"}],"author":[{"embeddable":true,"href":"https:\/\/hunskate.hu\/wjch2025\/hu\/wp-json\/wp\/v2\/users\/1"}],"replies":[{"embeddable":true,"href":"https:\/\/hunskate.hu\/wjch2025\/hu\/wp-json\/wp\/v2\/comments?post=1980"}],"version-history":[{"count":7,"href":"https:\/\/hunskate.hu\/wjch2025\/hu\/wp-json\/wp\/v2\/pages\/1980\/revisions"}],"predecessor-version":[{"id":3052,"href":"https:\/\/hunskate.hu\/wjch2025\/hu\/wp-json\/wp\/v2\/pages\/1980\/revisions\/3052"}],"up":[{"embeddable":true,"href":"https:\/\/hunskate.hu\/wjch2025\/hu\/wp-json\/wp\/v2\/pages\/1958"}],"wp:attachment":[{"href":"https:\/\/hunskate.hu\/wjch2025\/hu\/wp-json\/wp\/v2\/media?parent=1980"}],"curies":[{"name":"wp","href":"https:\/\/api.w.org\/{rel}","templated":true}]}}